{"id":4906,"date":"2024-05-27T14:18:18","date_gmt":"2024-05-27T18:18:18","guid":{"rendered":"https:\/\/transbecusa.tripledoublev.ca\/chasis-pro\/"},"modified":"2024-08-12T12:59:01","modified_gmt":"2024-08-12T16:59:01","slug":"chasis-pro","status":"publish","type":"page","link":"https:\/\/america-auto.parts\/es\/chasis-pro\/","title":{"rendered":"Chassis Pro"},"content":{"rendered":"\t\t<div data-elementor-type=\"wp-page\" data-elementor-id=\"4906\" class=\"elementor elementor-4906 elementor-3697\" data-elementor-post-type=\"page\">\n\t\t\t\t\t\t<section class=\"elementor-section elementor-top-section elementor-element elementor-element-f3bbed9 elementor-section-full_width elementor-section-height-default elementor-section-height-default\" data-id=\"f3bbed9\" data-element_type=\"section\" data-e-type=\"section\" data-settings=\"{&quot;background_background&quot;:&quot;classic&quot;}\">\n\t\t\t\t\t\t\t<div class=\"elementor-background-overlay\"><\/div>\n\t\t\t\t\t\t\t<div class=\"elementor-container elementor-column-gap-no\">\n\t\t\t\t\t<div class=\"elementor-column elementor-col-100 elementor-top-column elementor-element elementor-element-2c61aa3 elementor-invisible\" data-id=\"2c61aa3\" data-element_type=\"column\" data-e-type=\"column\" data-settings=\"{&quot;animation&quot;:&quot;fadeInLeft&quot;}\">\n\t\t\t<div class=\"elementor-widget-wrap elementor-element-populated\">\n\t\t\t\t\t\t<div class=\"elementor-element elementor-element-e815526 elementor-widget__width-initial elementor-widget-tablet__width-initial elementor-widget elementor-widget-image\" data-id=\"e815526\" data-element_type=\"widget\" data-e-type=\"widget\" data-widget_type=\"image.default\">\n\t\t\t\t<div class=\"elementor-widget-container\">\n\t\t\t\t\t\t\t\t\t\t\t\t\t\t\t<img fetchpriority=\"high\" decoding=\"async\" width=\"436\" height=\"143\" src=\"https:\/\/america-auto.parts\/wp-content\/uploads\/2024\/05\/chassis-logo-1.png\" class=\"attachment-large size-large wp-image-3872\" alt=\"\" srcset=\"https:\/\/america-auto.parts\/wp-content\/uploads\/2024\/05\/chassis-logo-1.png 436w, https:\/\/america-auto.parts\/wp-content\/uploads\/2024\/05\/chassis-logo-1-300x98.png 300w\" sizes=\"(max-width: 436px) 100vw, 436px\" \/>\t\t\t\t\t\t\t\t\t\t\t\t\t\t\t<\/div>\n\t\t\t\t<\/div>\n\t\t\t\t\t<\/div>\n\t\t<\/div>\n\t\t\t\t\t<\/div>\n\t\t<\/section>\n\t\t<div class=\"elementor-element elementor-element-c97374c elementor-hidden-desktop elementor-hidden-tablet elementor-hidden-mobile e-flex e-con-boxed e-con e-parent\" data-id=\"c97374c\" data-element_type=\"container\" data-e-type=\"container\">\n\t\t\t\t\t<div class=\"e-con-inner\">\n\t\t\t\t<div class=\"elementor-element elementor-element-1322551 elementor-widget elementor-widget-heading\" data-id=\"1322551\" data-element_type=\"widget\" data-e-type=\"widget\" data-widget_type=\"heading.default\">\n\t\t\t\t<div class=\"elementor-widget-container\">\n\t\t\t\t\t<h1 class=\"elementor-heading-title elementor-size-default\">Proveedor de Chassis Pro, Transbec America Auto Parts<\/h1>\t\t\t\t<\/div>\n\t\t\t\t<\/div>\n\t\t\t\t\t<\/div>\n\t\t\t\t<\/div>\n\t\t\t\t<section class=\"elementor-section elementor-top-section elementor-element elementor-element-35ec280 elementor-section-boxed elementor-section-height-default elementor-section-height-default\" data-id=\"35ec280\" data-element_type=\"section\" data-e-type=\"section\" data-settings=\"{&quot;background_background&quot;:&quot;classic&quot;}\">\n\t\t\t\t\t\t<div class=\"elementor-container elementor-column-gap-no\">\n\t\t\t\t\t<div class=\"elementor-column elementor-col-50 elementor-top-column elementor-element elementor-element-2049ad2\" data-id=\"2049ad2\" data-element_type=\"column\" data-e-type=\"column\">\n\t\t\t<div class=\"elementor-widget-wrap elementor-element-populated\">\n\t\t\t\t\t\t<div class=\"elementor-element elementor-element-68d64e1 elementor-widget elementor-widget-heading\" data-id=\"68d64e1\" data-element_type=\"widget\" data-e-type=\"widget\" data-widget_type=\"heading.default\">\n\t\t\t\t<div class=\"elementor-widget-container\">\n\t\t\t\t\t<h6 class=\"elementor-heading-title elementor-size-default\">Direcci\u00f3n y suspensi\u00f3n<\/h6>\t\t\t\t<\/div>\n\t\t\t\t<\/div>\n\t\t\t\t<div class=\"elementor-element elementor-element-7c93d46 elementor-widget elementor-widget-heading\" data-id=\"7c93d46\" data-element_type=\"widget\" data-e-type=\"widget\" data-widget_type=\"heading.default\">\n\t\t\t\t<div class=\"elementor-widget-container\">\n\t\t\t\t\t<h2 class=\"elementor-heading-title elementor-size-default\">\u00bfPor qu\u00e9 elegir chassis profesional?<\/h2>\t\t\t\t<\/div>\n\t\t\t\t<\/div>\n\t\t\t\t<div class=\"elementor-element elementor-element-3c56d98 elementor-invisible elementor-widget elementor-widget-heading\" data-id=\"3c56d98\" data-element_type=\"widget\" data-e-type=\"widget\" data-settings=\"{&quot;_animation&quot;:&quot;fadeInUp&quot;}\" data-widget_type=\"heading.default\">\n\t\t\t\t<div class=\"elementor-widget-container\">\n\t\t\t\t\t<h4 class=\"elementor-heading-title elementor-size-default\">MISMA CALIDAD...\nMEJOR PRECIO. <\/h4>\t\t\t\t<\/div>\n\t\t\t\t<\/div>\n\t\t\t\t\t<\/div>\n\t\t<\/div>\n\t\t\t\t<div class=\"elementor-column elementor-col-50 elementor-top-column elementor-element elementor-element-48f7cab\" data-id=\"48f7cab\" data-element_type=\"column\" data-e-type=\"column\" data-settings=\"{&quot;background_background&quot;:&quot;classic&quot;}\">\n\t\t\t<div class=\"elementor-widget-wrap elementor-element-populated\">\n\t\t\t\t\t\t<div class=\"elementor-element elementor-element-7cf7a0b elementor-widget-divider--view-line elementor-widget elementor-widget-divider\" data-id=\"7cf7a0b\" data-element_type=\"widget\" data-e-type=\"widget\" data-widget_type=\"divider.default\">\n\t\t\t\t<div class=\"elementor-widget-container\">\n\t\t\t\t\t\t\t<div class=\"elementor-divider\">\n\t\t\t<span class=\"elementor-divider-separator\">\n\t\t\t\t\t\t<\/span>\n\t\t<\/div>\n\t\t\t\t\t\t<\/div>\n\t\t\t\t<\/div>\n\t\t\t\t<div class=\"elementor-element elementor-element-bea96d1 elementor-widget elementor-widget-text-editor\" data-id=\"bea96d1\" data-element_type=\"widget\" data-e-type=\"widget\" data-widget_type=\"text-editor.default\">\n\t\t\t\t<div class=\"elementor-widget-container\">\n\t\t\t\t\t\t\t\t\t<p>Chassis Pro te invita a comparar nuestros productos con los de cualquier marca nacional. Con m\u00e1s de 30 a\u00f1os de experiencia en el sector de la automoci\u00f3n, puedes estar seguro de que hemos crecido hasta convertirnos en la elecci\u00f3n ilustrada de instaladores de todo el mundo. <\/p>\n\t\t\t\t\t\t\t\t<\/div>\n\t\t\t\t<\/div>\n\t\t\t\t\t<\/div>\n\t\t<\/div>\n\t\t\t\t\t<\/div>\n\t\t<\/section>\n\t\t\t\t<section class=\"elementor-section elementor-top-section elementor-element elementor-element-087e430 elementor-section-boxed elementor-section-height-default elementor-section-height-default\" data-id=\"087e430\" data-element_type=\"section\" data-e-type=\"section\" data-settings=\"{&quot;background_background&quot;:&quot;classic&quot;}\">\n\t\t\t\t\t\t<div class=\"elementor-container elementor-column-gap-no\">\n\t\t\t\t\t<div class=\"elementor-column elementor-col-100 elementor-top-column elementor-element elementor-element-91b378c\" data-id=\"91b378c\" data-element_type=\"column\" data-e-type=\"column\">\n\t\t\t<div class=\"elementor-widget-wrap elementor-element-populated\">\n\t\t\t\t\t\t<div class=\"elementor-element elementor-element-e30aacf elementor-widget elementor-widget-heading\" data-id=\"e30aacf\" data-element_type=\"widget\" data-e-type=\"widget\" data-widget_type=\"heading.default\">\n\t\t\t\t<div class=\"elementor-widget-container\">\n\t\t\t\t\t<h6 class=\"elementor-heading-title elementor-size-default\">Chassis Pro<\/h6>\t\t\t\t<\/div>\n\t\t\t\t<\/div>\n\t\t\t\t<div class=\"elementor-element elementor-element-eed1293 elementor-widget elementor-widget-heading\" data-id=\"eed1293\" data-element_type=\"widget\" data-e-type=\"widget\" data-widget_type=\"heading.default\">\n\t\t\t\t<div class=\"elementor-widget-container\">\n\t\t\t\t\t<h2 class=\"elementor-heading-title elementor-size-default\">El especialista en chassis<\/h2>\t\t\t\t<\/div>\n\t\t\t\t<\/div>\n\t\t\t\t<div class=\"elementor-element elementor-element-dfbc5d5 elementor-widget elementor-widget-text-editor\" data-id=\"dfbc5d5\" data-element_type=\"widget\" data-e-type=\"widget\" data-widget_type=\"text-editor.default\">\n\t\t\t\t<div class=\"elementor-widget-container\">\n\t\t\t\t\t\t\t\t\t<p>Est\u00e1ndar de calidad protegido por un exhaustivo control de calidad y profesionales bien formados<\/p>\n\t\t\t\t\t\t\t\t<\/div>\n\t\t\t\t<\/div>\n\t\t\t\t<div class=\"elementor-element elementor-element-b80fbf6 elementor-widget-divider--view-line elementor-widget elementor-widget-divider\" data-id=\"b80fbf6\" data-element_type=\"widget\" data-e-type=\"widget\" data-widget_type=\"divider.default\">\n\t\t\t\t<div class=\"elementor-widget-container\">\n\t\t\t\t\t\t\t<div class=\"elementor-divider\">\n\t\t\t<span class=\"elementor-divider-separator\">\n\t\t\t\t\t\t<\/span>\n\t\t<\/div>\n\t\t\t\t\t\t<\/div>\n\t\t\t\t<\/div>\n\t\t\t\t<section class=\"elementor-section elementor-inner-section elementor-element elementor-element-e655624 elementor-section-boxed elementor-section-height-default elementor-section-height-default\" data-id=\"e655624\" data-element_type=\"section\" data-e-type=\"section\">\n\t\t\t\t\t\t<div class=\"elementor-container elementor-column-gap-no\">\n\t\t\t\t\t<div class=\"elementor-column elementor-col-100 elementor-inner-column elementor-element elementor-element-4468079\" data-id=\"4468079\" data-element_type=\"column\" data-e-type=\"column\">\n\t\t\t<div class=\"elementor-widget-wrap elementor-element-populated\">\n\t\t\t\t\t\t<div class=\"elementor-element elementor-element-094b0ea elementor-widget elementor-widget-image\" data-id=\"094b0ea\" data-element_type=\"widget\" data-e-type=\"widget\" data-widget_type=\"image.default\">\n\t\t\t\t<div class=\"elementor-widget-container\">\n\t\t\t\t\t\t\t\t\t\t\t\t\t\t\t<img decoding=\"async\" width=\"880\" height=\"324\" src=\"https:\/\/america-auto.parts\/wp-content\/uploads\/2024\/05\/home_parts_slides_control_arm-e1723481649110.png\" class=\"attachment-large size-large wp-image-3709\" alt=\"\" srcset=\"https:\/\/america-auto.parts\/wp-content\/uploads\/2024\/05\/home_parts_slides_control_arm-e1723481649110.png 880w, https:\/\/america-auto.parts\/wp-content\/uploads\/2024\/05\/home_parts_slides_control_arm-e1723481649110-300x110.png 300w, https:\/\/america-auto.parts\/wp-content\/uploads\/2024\/05\/home_parts_slides_control_arm-e1723481649110-768x283.png 768w, https:\/\/america-auto.parts\/wp-content\/uploads\/2024\/05\/home_parts_slides_control_arm-e1723481649110-600x221.png 600w\" sizes=\"(max-width: 880px) 100vw, 880px\" \/>\t\t\t\t\t\t\t\t\t\t\t\t\t\t\t<\/div>\n\t\t\t\t<\/div>\n\t\t<div class=\"elementor-element elementor-element-2d8e574 e-flex e-con-boxed e-con e-parent\" data-id=\"2d8e574\" data-element_type=\"container\" data-e-type=\"container\">\n\t\t\t\t\t<div class=\"e-con-inner\">\n\t\t<div class=\"elementor-element elementor-element-4699896 e-con-full e-flex e-con e-child\" data-id=\"4699896\" data-element_type=\"container\" data-e-type=\"container\">\n\t\t\t\t<div class=\"elementor-element elementor-element-1799f46 elementor-widget-divider--view-line elementor-widget elementor-widget-divider\" data-id=\"1799f46\" data-element_type=\"widget\" data-e-type=\"widget\" data-widget_type=\"divider.default\">\n\t\t\t\t<div class=\"elementor-widget-container\">\n\t\t\t\t\t\t\t<div class=\"elementor-divider\">\n\t\t\t<span class=\"elementor-divider-separator\">\n\t\t\t\t\t\t<\/span>\n\t\t<\/div>\n\t\t\t\t\t\t<\/div>\n\t\t\t\t<\/div>\n\t\t\t\t<div class=\"elementor-element elementor-element-12f9829 elementor-widget elementor-widget-heading\" data-id=\"12f9829\" data-element_type=\"widget\" data-e-type=\"widget\" data-widget_type=\"heading.default\">\n\t\t\t\t<div class=\"elementor-widget-container\">\n\t\t\t\t\t<h6 class=\"elementor-heading-title elementor-size-default\">Piezas del chasis<\/h6>\t\t\t\t<\/div>\n\t\t\t\t<\/div>\n\t\t\t\t<div class=\"elementor-element elementor-element-e6c682e elementor-widget elementor-widget-heading\" data-id=\"e6c682e\" data-element_type=\"widget\" data-e-type=\"widget\" data-widget_type=\"heading.default\">\n\t\t\t\t<div class=\"elementor-widget-container\">\n\t\t\t\t\t<h4 class=\"elementor-heading-title elementor-size-default\">Brazos de control<\/h4>\t\t\t\t<\/div>\n\t\t\t\t<\/div>\n\t\t\t\t<div class=\"elementor-element elementor-element-0816c55 elementor-widget-mobile__width-inherit elementor-mobile-align-left elementor-widget elementor-widget-button\" data-id=\"0816c55\" data-element_type=\"widget\" data-e-type=\"widget\" data-widget_type=\"button.default\">\n\t\t\t\t<div class=\"elementor-widget-container\">\n\t\t\t\t\t\t\t\t\t<div class=\"elementor-button-wrapper\">\n\t\t\t\t\t<a class=\"elementor-button elementor-button-link elementor-size-sm\" href=\"\/es\/tienda\">\n\t\t\t\t\t\t<span class=\"elementor-button-content-wrapper\">\n\t\t\t\t\t\t<span class=\"elementor-button-icon\">\n\t\t\t\t\t\t\t<\/span>\n\t\t\t\t\t\t\t\t\t<span class=\"elementor-button-text\">Tienda<\/span>\n\t\t\t\t\t<\/span>\n\t\t\t\t\t<\/a>\n\t\t\t\t<\/div>\n\t\t\t\t\t\t\t\t<\/div>\n\t\t\t\t<\/div>\n\t\t\t\t<\/div>\n\t\t<div class=\"elementor-element elementor-element-8c539e1 e-con-full e-flex e-con e-child\" data-id=\"8c539e1\" data-element_type=\"container\" data-e-type=\"container\">\n\t\t\t\t<div class=\"elementor-element elementor-element-538893f elementor-widget elementor-widget-text-editor\" data-id=\"538893f\" data-element_type=\"widget\" data-e-type=\"widget\" data-widget_type=\"text-editor.default\">\n\t\t\t\t<div class=\"elementor-widget-container\">\n\t\t\t\t\t\t\t\t\t<p>Cumplen o superan las especificaciones OEM.<br \/>\nFabricadas con acero ST12 para un mejor rendimiento a la tracci\u00f3n.<br \/>\nTodas las piezas est\u00e1n identificadas con nuestro c\u00f3digo CP a efectos de identificaci\u00f3n.  <\/p>\n\t\t\t\t\t\t\t\t<\/div>\n\t\t\t\t<\/div>\n\t\t\t\t<\/div>\n\t\t\t\t\t<\/div>\n\t\t\t\t<\/div>\n\t\t\t\t\t<\/div>\n\t\t<\/div>\n\t\t\t\t\t<\/div>\n\t\t<\/section>\n\t\t\t\t\t<\/div>\n\t\t<\/div>\n\t\t\t\t\t<\/div>\n\t\t<\/section>\n\t\t\t\t<\/div>\n\t\t","protected":false},"excerpt":{"rendered":"<p>Proveedor de Chassis Pro, Transbec America Auto Parts Direcci\u00f3n y suspensi\u00f3n \u00bfPor qu\u00e9 elegir chassis profesional? MISMA CALIDAD&#8230; MEJOR PRECIO. Chassis Pro te invita a comparar nuestros productos con los de cualquier marca nacional. Con m\u00e1s de 30 a\u00f1os de experiencia en el sector de la automoci\u00f3n, puedes estar seguro de que hemos crecido hasta [&hellip;]<\/p>\n","protected":false},"author":1,"featured_media":4802,"parent":0,"menu_order":0,"comment_status":"closed","ping_status":"closed","template":"","meta":{"_acf_changed":false,"site-sidebar-layout":"no-sidebar","site-content-layout":"page-builder","ast-site-content-layout":"full-width-container","site-content-style":"unboxed","site-sidebar-style":"unboxed","ast-global-header-display":"","ast-banner-title-visibility":"","ast-main-header-display":"","ast-hfb-above-header-display":"","ast-hfb-below-header-display":"","ast-hfb-mobile-header-display":"","site-post-title":"disabled","ast-breadcrumbs-content":"disabled","ast-featured-img":"disabled","footer-sml-layout":"","theme-transparent-header-meta":"disabled","adv-header-id-meta":"","stick-header-meta":"","header-above-stick-meta":"","header-main-stick-meta":"","header-below-stick-meta":"","astra-migrate-meta-layouts":"default","ast-page-background-enabled":"default","ast-page-background-meta":{"desktop":{"background-color":"","background-image":"","background-repeat":"repeat","background-position":"center center","background-size":"auto","background-attachment":"scroll","background-type":"","background-media":"","overlay-type":"","overlay-color":"","overlay-opacity":"","overlay-gradient":""},"tablet":{"background-color":"","background-image":"","background-repeat":"repeat","background-position":"center center","background-size":"auto","background-attachment":"scroll","background-type":"","background-media":"","overlay-type":"","overlay-color":"","overlay-opacity":"","overlay-gradient":""},"mobile":{"background-color":"","background-image":"","background-repeat":"repeat","background-position":"center center","background-size":"auto","background-attachment":"scroll","background-type":"","background-media":"","overlay-type":"","overlay-color":"","overlay-opacity":"","overlay-gradient":""}},"ast-content-background-meta":{"desktop":{"background-color":"var(--ast-global-color-5)","background-image":"","background-repeat":"repeat","background-position":"center center","background-size":"auto","background-attachment":"scroll","background-type":"","background-media":"","overlay-type":"","overlay-color":"","overlay-opacity":"","overlay-gradient":""},"tablet":{"background-color":"var(--ast-global-color-5)","background-image":"","background-repeat":"repeat","background-position":"center center","background-size":"auto","background-attachment":"scroll","background-type":"","background-media":"","overlay-type":"","overlay-color":"","overlay-opacity":"","overlay-gradient":""},"mobile":{"background-color":"var(--ast-global-color-5)","background-image":"","background-repeat":"repeat","background-position":"center center","background-size":"auto","background-attachment":"scroll","background-type":"","background-media":"","overlay-type":"","overlay-color":"","overlay-opacity":"","overlay-gradient":""}},"footnotes":""},"class_list":["post-4906","page","type-page","status-publish","has-post-thumbnail","hentry"],"acf":[],"yoast_head":"<!-- This site is optimized with the Yoast SEO plugin v27.4 - https:\/\/yoast.com\/product\/yoast-seo-wordpress\/ -->\n<title>Inf\u00f3rmate sobre Chassis Pro: Piezas Premium en Transbec America<\/title>\n<meta name=\"description\" content=\"Descubre las piezas de suspensi\u00f3n y direcci\u00f3n de primera calidad de Transbec America. Calidad y rendimiento en los que puedes confiar.\" \/>\n<meta name=\"robots\" content=\"index, follow, max-snippet:-1, max-image-preview:large, max-video-preview:-1\" \/>\n<link rel=\"canonical\" href=\"https:\/\/america-auto.parts\/es\/chasis-pro\/\" \/>\n<meta property=\"og:locale\" content=\"es_ES\" \/>\n<meta property=\"og:type\" content=\"article\" \/>\n<meta property=\"og:title\" content=\"Inf\u00f3rmate sobre Chassis Pro: Piezas Premium en Transbec America\" \/>\n<meta property=\"og:description\" content=\"Descubre las piezas de suspensi\u00f3n y direcci\u00f3n de primera calidad de Transbec America. Calidad y rendimiento en los que puedes confiar.\" \/>\n<meta property=\"og:url\" content=\"https:\/\/america-auto.parts\/es\/chasis-pro\/\" \/>\n<meta property=\"og:site_name\" content=\"Transbec USA\" \/>\n<meta property=\"article:modified_time\" content=\"2024-08-12T16:59:01+00:00\" \/>\n<meta property=\"og:image\" content=\"https:\/\/america-auto.parts\/wp-content\/uploads\/2024\/05\/luxuary-slider-1.jpg\" \/>\n\t<meta property=\"og:image:width\" content=\"1820\" \/>\n\t<meta property=\"og:image:height\" content=\"850\" \/>\n\t<meta property=\"og:image:type\" content=\"image\/jpeg\" \/>\n<meta name=\"twitter:card\" content=\"summary_large_image\" \/>\n<meta name=\"twitter:label1\" content=\"Tiempo de lectura\" \/>\n\t<meta name=\"twitter:data1\" content=\"1 minuto\" \/>\n<script type=\"application\/ld+json\" class=\"yoast-schema-graph\">{\"@context\":\"https:\\\/\\\/schema.org\",\"@graph\":[{\"@type\":\"WebPage\",\"@id\":\"https:\\\/\\\/america-auto.parts\\\/es\\\/chasis-pro\\\/\",\"url\":\"https:\\\/\\\/america-auto.parts\\\/es\\\/chasis-pro\\\/\",\"name\":\"Inf\u00f3rmate sobre Chassis Pro: Piezas Premium en Transbec America\",\"isPartOf\":{\"@id\":\"https:\\\/\\\/america-auto.parts\\\/es\\\/#website\"},\"primaryImageOfPage\":{\"@id\":\"https:\\\/\\\/america-auto.parts\\\/es\\\/chasis-pro\\\/#primaryimage\"},\"image\":{\"@id\":\"https:\\\/\\\/america-auto.parts\\\/es\\\/chasis-pro\\\/#primaryimage\"},\"thumbnailUrl\":\"https:\\\/\\\/america-auto.parts\\\/wp-content\\\/uploads\\\/2024\\\/05\\\/luxuary-slider-1.jpg\",\"datePublished\":\"2024-05-27T18:18:18+00:00\",\"dateModified\":\"2024-08-12T16:59:01+00:00\",\"description\":\"Descubre las piezas de suspensi\u00f3n y direcci\u00f3n de primera calidad de Transbec America. Calidad y rendimiento en los que puedes confiar.\",\"breadcrumb\":{\"@id\":\"https:\\\/\\\/america-auto.parts\\\/es\\\/chasis-pro\\\/#breadcrumb\"},\"inLanguage\":\"es\",\"potentialAction\":[{\"@type\":\"ReadAction\",\"target\":[\"https:\\\/\\\/america-auto.parts\\\/es\\\/chasis-pro\\\/\"]}]},{\"@type\":\"ImageObject\",\"inLanguage\":\"es\",\"@id\":\"https:\\\/\\\/america-auto.parts\\\/es\\\/chasis-pro\\\/#primaryimage\",\"url\":\"https:\\\/\\\/america-auto.parts\\\/wp-content\\\/uploads\\\/2024\\\/05\\\/luxuary-slider-1.jpg\",\"contentUrl\":\"https:\\\/\\\/america-auto.parts\\\/wp-content\\\/uploads\\\/2024\\\/05\\\/luxuary-slider-1.jpg\",\"width\":1820,\"height\":850},{\"@type\":\"BreadcrumbList\",\"@id\":\"https:\\\/\\\/america-auto.parts\\\/es\\\/chasis-pro\\\/#breadcrumb\",\"itemListElement\":[{\"@type\":\"ListItem\",\"position\":1,\"name\":\"Home\",\"item\":\"https:\\\/\\\/america-auto.parts\\\/es\\\/\"},{\"@type\":\"ListItem\",\"position\":2,\"name\":\"Chassis Pro\"}]},{\"@type\":\"WebSite\",\"@id\":\"https:\\\/\\\/america-auto.parts\\\/es\\\/#website\",\"url\":\"https:\\\/\\\/america-auto.parts\\\/es\\\/\",\"name\":\"Transbec USA\",\"description\":\"\",\"publisher\":{\"@id\":\"https:\\\/\\\/america-auto.parts\\\/es\\\/#organization\"},\"potentialAction\":[{\"@type\":\"SearchAction\",\"target\":{\"@type\":\"EntryPoint\",\"urlTemplate\":\"https:\\\/\\\/america-auto.parts\\\/es\\\/?s={search_term_string}\"},\"query-input\":{\"@type\":\"PropertyValueSpecification\",\"valueRequired\":true,\"valueName\":\"search_term_string\"}}],\"inLanguage\":\"es\"},{\"@type\":\"Organization\",\"@id\":\"https:\\\/\\\/america-auto.parts\\\/es\\\/#organization\",\"name\":\"Transbec USA\",\"url\":\"https:\\\/\\\/america-auto.parts\\\/es\\\/\",\"logo\":{\"@type\":\"ImageObject\",\"inLanguage\":\"es\",\"@id\":\"https:\\\/\\\/america-auto.parts\\\/es\\\/#\\\/schema\\\/logo\\\/image\\\/\",\"url\":\"https:\\\/\\\/america-auto.parts\\\/wp-content\\\/uploads\\\/2024\\\/09\\\/transbec-parts-america22.png\",\"contentUrl\":\"https:\\\/\\\/america-auto.parts\\\/wp-content\\\/uploads\\\/2024\\\/09\\\/transbec-parts-america22.png\",\"width\":633,\"height\":470,\"caption\":\"Transbec USA\"},\"image\":{\"@id\":\"https:\\\/\\\/america-auto.parts\\\/es\\\/#\\\/schema\\\/logo\\\/image\\\/\"}}]}<\/script>\n<!-- \/ Yoast SEO plugin. -->","yoast_head_json":{"title":"Inf\u00f3rmate sobre Chassis Pro: Piezas Premium en Transbec America","description":"Descubre las piezas de suspensi\u00f3n y direcci\u00f3n de primera calidad de Transbec America. Calidad y rendimiento en los que puedes confiar.","robots":{"index":"index","follow":"follow","max-snippet":"max-snippet:-1","max-image-preview":"max-image-preview:large","max-video-preview":"max-video-preview:-1"},"canonical":"https:\/\/america-auto.parts\/es\/chasis-pro\/","og_locale":"es_ES","og_type":"article","og_title":"Inf\u00f3rmate sobre Chassis Pro: Piezas Premium en Transbec America","og_description":"Descubre las piezas de suspensi\u00f3n y direcci\u00f3n de primera calidad de Transbec America. Calidad y rendimiento en los que puedes confiar.","og_url":"https:\/\/america-auto.parts\/es\/chasis-pro\/","og_site_name":"Transbec USA","article_modified_time":"2024-08-12T16:59:01+00:00","og_image":[{"width":1820,"height":850,"url":"https:\/\/america-auto.parts\/wp-content\/uploads\/2024\/05\/luxuary-slider-1.jpg","type":"image\/jpeg"}],"twitter_card":"summary_large_image","twitter_misc":{"Tiempo de lectura":"1 minuto"},"schema":{"@context":"https:\/\/schema.org","@graph":[{"@type":"WebPage","@id":"https:\/\/america-auto.parts\/es\/chasis-pro\/","url":"https:\/\/america-auto.parts\/es\/chasis-pro\/","name":"Inf\u00f3rmate sobre Chassis Pro: Piezas Premium en Transbec America","isPartOf":{"@id":"https:\/\/america-auto.parts\/es\/#website"},"primaryImageOfPage":{"@id":"https:\/\/america-auto.parts\/es\/chasis-pro\/#primaryimage"},"image":{"@id":"https:\/\/america-auto.parts\/es\/chasis-pro\/#primaryimage"},"thumbnailUrl":"https:\/\/america-auto.parts\/wp-content\/uploads\/2024\/05\/luxuary-slider-1.jpg","datePublished":"2024-05-27T18:18:18+00:00","dateModified":"2024-08-12T16:59:01+00:00","description":"Descubre las piezas de suspensi\u00f3n y direcci\u00f3n de primera calidad de Transbec America. Calidad y rendimiento en los que puedes confiar.","breadcrumb":{"@id":"https:\/\/america-auto.parts\/es\/chasis-pro\/#breadcrumb"},"inLanguage":"es","potentialAction":[{"@type":"ReadAction","target":["https:\/\/america-auto.parts\/es\/chasis-pro\/"]}]},{"@type":"ImageObject","inLanguage":"es","@id":"https:\/\/america-auto.parts\/es\/chasis-pro\/#primaryimage","url":"https:\/\/america-auto.parts\/wp-content\/uploads\/2024\/05\/luxuary-slider-1.jpg","contentUrl":"https:\/\/america-auto.parts\/wp-content\/uploads\/2024\/05\/luxuary-slider-1.jpg","width":1820,"height":850},{"@type":"BreadcrumbList","@id":"https:\/\/america-auto.parts\/es\/chasis-pro\/#breadcrumb","itemListElement":[{"@type":"ListItem","position":1,"name":"Home","item":"https:\/\/america-auto.parts\/es\/"},{"@type":"ListItem","position":2,"name":"Chassis Pro"}]},{"@type":"WebSite","@id":"https:\/\/america-auto.parts\/es\/#website","url":"https:\/\/america-auto.parts\/es\/","name":"Transbec USA","description":"","publisher":{"@id":"https:\/\/america-auto.parts\/es\/#organization"},"potentialAction":[{"@type":"SearchAction","target":{"@type":"EntryPoint","urlTemplate":"https:\/\/america-auto.parts\/es\/?s={search_term_string}"},"query-input":{"@type":"PropertyValueSpecification","valueRequired":true,"valueName":"search_term_string"}}],"inLanguage":"es"},{"@type":"Organization","@id":"https:\/\/america-auto.parts\/es\/#organization","name":"Transbec USA","url":"https:\/\/america-auto.parts\/es\/","logo":{"@type":"ImageObject","inLanguage":"es","@id":"https:\/\/america-auto.parts\/es\/#\/schema\/logo\/image\/","url":"https:\/\/america-auto.parts\/wp-content\/uploads\/2024\/09\/transbec-parts-america22.png","contentUrl":"https:\/\/america-auto.parts\/wp-content\/uploads\/2024\/09\/transbec-parts-america22.png","width":633,"height":470,"caption":"Transbec USA"},"image":{"@id":"https:\/\/america-auto.parts\/es\/#\/schema\/logo\/image\/"}}]}},"_links":{"self":[{"href":"https:\/\/america-auto.parts\/es\/wp-json\/wp\/v2\/pages\/4906","targetHints":{"allow":["GET"]}}],"collection":[{"href":"https:\/\/america-auto.parts\/es\/wp-json\/wp\/v2\/pages"}],"about":[{"href":"https:\/\/america-auto.parts\/es\/wp-json\/wp\/v2\/types\/page"}],"author":[{"embeddable":true,"href":"https:\/\/america-auto.parts\/es\/wp-json\/wp\/v2\/users\/1"}],"replies":[{"embeddable":true,"href":"https:\/\/america-auto.parts\/es\/wp-json\/wp\/v2\/comments?post=4906"}],"version-history":[{"count":10,"href":"https:\/\/america-auto.parts\/es\/wp-json\/wp\/v2\/pages\/4906\/revisions"}],"predecessor-version":[{"id":5166,"href":"https:\/\/america-auto.parts\/es\/wp-json\/wp\/v2\/pages\/4906\/revisions\/5166"}],"wp:featuredmedia":[{"embeddable":true,"href":"https:\/\/america-auto.parts\/es\/wp-json\/wp\/v2\/media\/4802"}],"wp:attachment":[{"href":"https:\/\/america-auto.parts\/es\/wp-json\/wp\/v2\/media?parent=4906"}],"curies":[{"name":"wp","href":"https:\/\/api.w.org\/{rel}","templated":true}]}}