{"id":4916,"date":"2024-05-27T15:38:58","date_gmt":"2024-05-27T19:38:58","guid":{"rendered":"https:\/\/transbecusa.tripledoublev.ca\/edge\/"},"modified":"2024-08-06T16:58:53","modified_gmt":"2024-08-06T20:58:53","slug":"edge","status":"publish","type":"page","link":"https:\/\/america-auto.parts\/es\/edge\/","title":{"rendered":"Edge"},"content":{"rendered":"\t\t<div data-elementor-type=\"wp-page\" data-elementor-id=\"4916\" class=\"elementor elementor-4916 elementor-3794\" data-elementor-post-type=\"page\">\n\t\t\t\t\t\t<section class=\"elementor-section elementor-top-section elementor-element elementor-element-5300d23 elementor-section-full_width elementor-section-height-default elementor-section-height-default\" data-id=\"5300d23\" data-element_type=\"section\" data-e-type=\"section\" data-settings=\"{&quot;background_background&quot;:&quot;classic&quot;}\">\n\t\t\t\t\t\t\t<div class=\"elementor-background-overlay\"><\/div>\n\t\t\t\t\t\t\t<div class=\"elementor-container elementor-column-gap-no\">\n\t\t\t\t\t<div class=\"elementor-column elementor-col-100 elementor-top-column elementor-element elementor-element-c77c71c elementor-invisible\" data-id=\"c77c71c\" data-element_type=\"column\" data-e-type=\"column\" data-settings=\"{&quot;animation&quot;:&quot;fadeInLeft&quot;}\">\n\t\t\t<div class=\"elementor-widget-wrap elementor-element-populated\">\n\t\t\t\t\t\t<div class=\"elementor-element elementor-element-5105338 elementor-widget__width-initial elementor-widget-tablet__width-initial elementor-widget elementor-widget-image\" data-id=\"5105338\" data-element_type=\"widget\" data-e-type=\"widget\" data-widget_type=\"image.default\">\n\t\t\t\t<div class=\"elementor-widget-container\">\n\t\t\t\t\t\t\t\t\t\t\t\t\t\t\t<img decoding=\"async\" width=\"300\" height=\"89\" src=\"https:\/\/america-auto.parts\/wp-content\/uploads\/2024\/05\/logo-300x89.png\" class=\"attachment-medium size-medium wp-image-3884\" alt=\"\" srcset=\"https:\/\/america-auto.parts\/wp-content\/uploads\/2024\/05\/logo-300x89.png 300w, https:\/\/america-auto.parts\/wp-content\/uploads\/2024\/05\/logo.png 413w\" sizes=\"(max-width: 300px) 100vw, 300px\" \/>\t\t\t\t\t\t\t\t\t\t\t\t\t\t\t<\/div>\n\t\t\t\t<\/div>\n\t\t\t\t\t<\/div>\n\t\t<\/div>\n\t\t\t\t\t<\/div>\n\t\t<\/section>\n\t\t<div class=\"elementor-element elementor-element-437fde6 elementor-hidden-desktop elementor-hidden-tablet elementor-hidden-mobile e-flex e-con-boxed e-con e-parent\" data-id=\"437fde6\" data-element_type=\"container\" data-e-type=\"container\">\n\t\t\t\t\t<div class=\"e-con-inner\">\n\t\t\t\t<div class=\"elementor-element elementor-element-7058828 elementor-widget elementor-widget-heading\" data-id=\"7058828\" data-element_type=\"widget\" data-e-type=\"widget\" data-widget_type=\"heading.default\">\n\t\t\t\t<div class=\"elementor-widget-container\">\n\t\t\t\t\t<h1 class=\"elementor-heading-title elementor-size-default\">Proveedor Edge, Transbec America Auto Parts<\/h1>\t\t\t\t<\/div>\n\t\t\t\t<\/div>\n\t\t\t\t\t<\/div>\n\t\t\t\t<\/div>\n\t\t\t\t<section class=\"elementor-section elementor-top-section elementor-element elementor-element-35ec280 elementor-section-boxed elementor-section-height-default elementor-section-height-default\" data-id=\"35ec280\" data-element_type=\"section\" data-e-type=\"section\" data-settings=\"{&quot;background_background&quot;:&quot;classic&quot;}\">\n\t\t\t\t\t\t<div class=\"elementor-container elementor-column-gap-no\">\n\t\t\t\t\t<div class=\"elementor-column elementor-col-50 elementor-top-column elementor-element elementor-element-2049ad2\" data-id=\"2049ad2\" data-element_type=\"column\" data-e-type=\"column\">\n\t\t\t<div class=\"elementor-widget-wrap elementor-element-populated\">\n\t\t\t\t\t\t<div class=\"elementor-element elementor-element-68d64e1 elementor-widget elementor-widget-heading\" data-id=\"68d64e1\" data-element_type=\"widget\" data-e-type=\"widget\" data-widget_type=\"heading.default\">\n\t\t\t\t<div class=\"elementor-widget-container\">\n\t\t\t\t\t<h6 class=\"elementor-heading-title elementor-size-default\">Edge | Rodamientos de rueda<\/h6>\t\t\t\t<\/div>\n\t\t\t\t<\/div>\n\t\t\t\t<div class=\"elementor-element elementor-element-7c93d46 elementor-widget elementor-widget-heading\" data-id=\"7c93d46\" data-element_type=\"widget\" data-e-type=\"widget\" data-widget_type=\"heading.default\">\n\t\t\t\t<div class=\"elementor-widget-container\">\n\t\t\t\t\t<h2 class=\"elementor-heading-title elementor-size-default\">Premio EDGE<\/h2>\t\t\t\t<\/div>\n\t\t\t\t<\/div>\n\t\t\t\t\t<\/div>\n\t\t<\/div>\n\t\t\t\t<div class=\"elementor-column elementor-col-50 elementor-top-column elementor-element elementor-element-48f7cab\" data-id=\"48f7cab\" data-element_type=\"column\" data-e-type=\"column\" data-settings=\"{&quot;background_background&quot;:&quot;classic&quot;}\">\n\t\t\t<div class=\"elementor-widget-wrap elementor-element-populated\">\n\t\t\t\t\t\t<div class=\"elementor-element elementor-element-7cf7a0b elementor-widget-divider--view-line elementor-widget elementor-widget-divider\" data-id=\"7cf7a0b\" data-element_type=\"widget\" data-e-type=\"widget\" data-widget_type=\"divider.default\">\n\t\t\t\t<div class=\"elementor-widget-container\">\n\t\t\t\t\t\t\t<div class=\"elementor-divider\">\n\t\t\t<span class=\"elementor-divider-separator\">\n\t\t\t\t\t\t<\/span>\n\t\t<\/div>\n\t\t\t\t\t\t<\/div>\n\t\t\t\t<\/div>\n\t\t\t\t<div class=\"elementor-element elementor-element-a35494a elementor-widget elementor-widget-text-editor\" data-id=\"a35494a\" data-element_type=\"widget\" data-e-type=\"widget\" data-widget_type=\"text-editor.default\">\n\t\t\t\t<div class=\"elementor-widget-container\">\n\t\t\t\t\t\t\t\t\t<p>Nuestros conjuntos de rodamientos de rueda y cubos han sido sometidos a pruebas de calidad para cumplir o superar las normas de rendimiento de los fabricantes de equipos originales.<\/p>\n<ul>\n<li>Ultra silenciosos: los lubricantes de bajo nivel sonoro funcionan de forma silenciosa gracias a la ausencia de part\u00edculas s\u00f3lidas de mayor tama\u00f1o.<\/li>\n<li>Mayor durabilidad: Fabricado con materiales de alta calidad para garantizar una mayor durabilidad.<\/li>\n<li>Dise\u00f1o OE: Dise\u00f1o OE incluyendo rodamientos c\u00f3nicos, rodamientos de bolas, cables de ABS y tratamiento t\u00e9rmico.<\/li>\n<\/ul>\n\t\t\t\t\t\t\t\t<\/div>\n\t\t\t\t<\/div>\n\t\t\t\t\t<\/div>\n\t\t<\/div>\n\t\t\t\t\t<\/div>\n\t\t<\/section>\n\t\t\t\t<section class=\"elementor-section elementor-top-section elementor-element elementor-element-087e430 elementor-section-boxed elementor-section-height-default elementor-section-height-default\" data-id=\"087e430\" data-element_type=\"section\" data-e-type=\"section\" data-settings=\"{&quot;background_background&quot;:&quot;classic&quot;}\">\n\t\t\t\t\t\t<div class=\"elementor-container elementor-column-gap-no\">\n\t\t\t\t\t<div class=\"elementor-column elementor-col-100 elementor-top-column elementor-element elementor-element-91b378c\" data-id=\"91b378c\" data-element_type=\"column\" data-e-type=\"column\">\n\t\t\t<div class=\"elementor-widget-wrap elementor-element-populated\">\n\t\t\t\t\t\t<div class=\"elementor-element elementor-element-e30aacf elementor-widget elementor-widget-heading\" data-id=\"e30aacf\" data-element_type=\"widget\" data-e-type=\"widget\" data-widget_type=\"heading.default\">\n\t\t\t\t<div class=\"elementor-widget-container\">\n\t\t\t\t\t<h6 class=\"elementor-heading-title elementor-size-default\">Por qu\u00e9 elegirnos<\/h6>\t\t\t\t<\/div>\n\t\t\t\t<\/div>\n\t\t\t\t<div class=\"elementor-element elementor-element-eed1293 elementor-widget elementor-widget-heading\" data-id=\"eed1293\" data-element_type=\"widget\" data-e-type=\"widget\" data-widget_type=\"heading.default\">\n\t\t\t\t<div class=\"elementor-widget-container\">\n\t\t\t\t\t<h2 class=\"elementor-heading-title elementor-size-default\">Mecanizado de precisi\u00f3n para garantizar<br>el ajuste exacto para una conducci\u00f3n suave<\/h2>\t\t\t\t<\/div>\n\t\t\t\t<\/div>\n\t\t\t\t<div class=\"elementor-element elementor-element-b80fbf6 elementor-widget-divider--view-line elementor-widget elementor-widget-divider\" data-id=\"b80fbf6\" data-element_type=\"widget\" data-e-type=\"widget\" data-widget_type=\"divider.default\">\n\t\t\t\t<div class=\"elementor-widget-container\">\n\t\t\t\t\t\t\t<div class=\"elementor-divider\">\n\t\t\t<span class=\"elementor-divider-separator\">\n\t\t\t\t\t\t<\/span>\n\t\t<\/div>\n\t\t\t\t\t\t<\/div>\n\t\t\t\t<\/div>\n\t\t\t\t<section class=\"elementor-section elementor-inner-section elementor-element elementor-element-e655624 elementor-section-boxed elementor-section-height-default elementor-section-height-default\" data-id=\"e655624\" data-element_type=\"section\" data-e-type=\"section\">\n\t\t\t\t\t\t<div class=\"elementor-container elementor-column-gap-no\">\n\t\t\t\t\t<div class=\"elementor-column elementor-col-100 elementor-inner-column elementor-element elementor-element-4468079\" data-id=\"4468079\" data-element_type=\"column\" data-e-type=\"column\">\n\t\t\t<div class=\"elementor-widget-wrap elementor-element-populated\">\n\t\t\t\t<div class=\"elementor-element elementor-element-3d1f1f8 e-flex e-con-boxed e-con e-parent\" data-id=\"3d1f1f8\" data-element_type=\"container\" data-e-type=\"container\">\n\t\t\t\t\t<div class=\"e-con-inner\">\n\t\t<div class=\"elementor-element elementor-element-d4fdab1 e-flex e-con-boxed e-con e-child\" data-id=\"d4fdab1\" data-element_type=\"container\" data-e-type=\"container\" data-settings=\"{&quot;background_background&quot;:&quot;gradient&quot;}\">\n\t\t\t\t\t<div class=\"e-con-inner\">\n\t\t\t\t<div class=\"elementor-element elementor-element-77ca539 elementor-widget elementor-widget-image\" data-id=\"77ca539\" data-element_type=\"widget\" data-e-type=\"widget\" data-widget_type=\"image.default\">\n\t\t\t\t<div class=\"elementor-widget-container\">\n\t\t\t\t\t\t\t\t\t\t\t\t\t\t\t<img fetchpriority=\"high\" decoding=\"async\" width=\"860\" height=\"1024\" src=\"https:\/\/america-auto.parts\/wp-content\/uploads\/2024\/05\/edge_hm_cfld_en-860x1024.png\" class=\"attachment-large size-large wp-image-3814\" alt=\"\" srcset=\"https:\/\/america-auto.parts\/wp-content\/uploads\/2024\/05\/edge_hm_cfld_en-860x1024.png 860w, https:\/\/america-auto.parts\/wp-content\/uploads\/2024\/05\/edge_hm_cfld_en-252x300.png 252w, https:\/\/america-auto.parts\/wp-content\/uploads\/2024\/05\/edge_hm_cfld_en-768x915.png 768w, https:\/\/america-auto.parts\/wp-content\/uploads\/2024\/05\/edge_hm_cfld_en-600x715.png 600w, https:\/\/america-auto.parts\/wp-content\/uploads\/2024\/05\/edge_hm_cfld_en.png 1000w\" sizes=\"(max-width: 860px) 100vw, 860px\" \/>\t\t\t\t\t\t\t\t\t\t\t\t\t\t\t<\/div>\n\t\t\t\t<\/div>\n\t\t\t\t\t<\/div>\n\t\t\t\t<\/div>\n\t\t\t\t\t<\/div>\n\t\t\t\t<\/div>\n\t\t<div class=\"elementor-element elementor-element-17bbcb7 e-flex e-con-boxed e-con e-parent\" data-id=\"17bbcb7\" data-element_type=\"container\" data-e-type=\"container\">\n\t\t\t\t\t<div class=\"e-con-inner\">\n\t\t<div class=\"elementor-element elementor-element-5ab4f74 e-flex e-con-boxed e-con e-child\" data-id=\"5ab4f74\" data-element_type=\"container\" data-e-type=\"container\">\n\t\t\t\t\t<div class=\"e-con-inner\">\n\t\t\t\t<div class=\"elementor-element elementor-element-2e4eada elementor-widget-divider--view-line elementor-widget elementor-widget-divider\" data-id=\"2e4eada\" data-element_type=\"widget\" data-e-type=\"widget\" data-widget_type=\"divider.default\">\n\t\t\t\t<div class=\"elementor-widget-container\">\n\t\t\t\t\t\t\t<div class=\"elementor-divider\">\n\t\t\t<span class=\"elementor-divider-separator\">\n\t\t\t\t\t\t<\/span>\n\t\t<\/div>\n\t\t\t\t\t\t<\/div>\n\t\t\t\t<\/div>\n\t\t\t\t<div class=\"elementor-element elementor-element-a49cce8 elementor-widget elementor-widget-heading\" data-id=\"a49cce8\" data-element_type=\"widget\" data-e-type=\"widget\" data-widget_type=\"heading.default\">\n\t\t\t\t<div class=\"elementor-widget-container\">\n\t\t\t\t\t<h6 class=\"elementor-heading-title elementor-size-default\">RODAMIENTOS DE RUEDA Y BUJES EDGE<\/h6>\t\t\t\t<\/div>\n\t\t\t\t<\/div>\n\t\t\t\t<div class=\"elementor-element elementor-element-5988330 elementor-widget elementor-widget-heading\" data-id=\"5988330\" data-element_type=\"widget\" data-e-type=\"widget\" data-widget_type=\"heading.default\">\n\t\t\t\t<div class=\"elementor-widget-container\">\n\t\t\t\t\t<h4 class=\"elementor-heading-title elementor-size-default\">Dise\u00f1o del labio forjado en fr\u00edo.<\/h4>\t\t\t\t<\/div>\n\t\t\t\t<\/div>\n\t\t\t\t<div class=\"elementor-element elementor-element-40c2e5d elementor-widget-mobile__width-inherit elementor-mobile-align-left elementor-widget elementor-widget-button\" data-id=\"40c2e5d\" data-element_type=\"widget\" data-e-type=\"widget\" data-widget_type=\"button.default\">\n\t\t\t\t<div class=\"elementor-widget-container\">\n\t\t\t\t\t\t\t\t\t<div class=\"elementor-button-wrapper\">\n\t\t\t\t\t<a class=\"elementor-button elementor-button-link elementor-size-sm\" href=\"\/es\/tienda\">\n\t\t\t\t\t\t<span class=\"elementor-button-content-wrapper\">\n\t\t\t\t\t\t<span class=\"elementor-button-icon\">\n\t\t\t\t\t\t\t<\/span>\n\t\t\t\t\t\t\t\t\t<span class=\"elementor-button-text\">Tienda<\/span>\n\t\t\t\t\t<\/span>\n\t\t\t\t\t<\/a>\n\t\t\t\t<\/div>\n\t\t\t\t\t\t\t\t<\/div>\n\t\t\t\t<\/div>\n\t\t\t\t\t<\/div>\n\t\t\t\t<\/div>\n\t\t<div class=\"elementor-element elementor-element-9838f51 e-flex e-con-boxed e-con e-child\" data-id=\"9838f51\" data-element_type=\"container\" data-e-type=\"container\">\n\t\t\t\t\t<div class=\"e-con-inner\">\n\t\t\t\t<div class=\"elementor-element elementor-element-14d781d elementor-widget elementor-widget-text-editor\" data-id=\"14d781d\" data-element_type=\"widget\" data-e-type=\"widget\" data-widget_type=\"text-editor.default\">\n\t\t\t\t<div class=\"elementor-widget-container\">\n\t\t\t\t\t\t\t\t\t<p>Sellado con un dise\u00f1o de labio forjado en fr\u00edo para reducir los fallos debidos a un par de apriete excesivo de los cojinetes.<br \/>Fabricados con anillos ABS de dise\u00f1o original para eliminar el falso ABS.<br \/>Nuestros rodamientos de rueda y conjuntos de cubo han sido probados para cumplir o exceder los est\u00e1ndares de rendimiento OEM.<\/p>\n\t\t\t\t\t\t\t\t<\/div>\n\t\t\t\t<\/div>\n\t\t\t\t\t<\/div>\n\t\t\t\t<\/div>\n\t\t\t\t\t<\/div>\n\t\t\t\t<\/div>\n\t\t\t\t\t<\/div>\n\t\t<\/div>\n\t\t\t\t\t<\/div>\n\t\t<\/section>\n\t\t\t\t\t<\/div>\n\t\t<\/div>\n\t\t\t\t\t<\/div>\n\t\t<\/section>\n\t\t\t\t<\/div>\n\t\t","protected":false},"excerpt":{"rendered":"<p>Proveedor Edge, Transbec America Auto Parts Edge | Rodamientos de rueda Premio EDGE Nuestros conjuntos de rodamientos de rueda y cubos han sido sometidos a pruebas de calidad para cumplir o superar las normas de rendimiento de los fabricantes de equipos originales. Ultra silenciosos: los lubricantes de bajo nivel sonoro funcionan de forma silenciosa gracias [&hellip;]<\/p>\n","protected":false},"author":1,"featured_media":4828,"parent":0,"menu_order":0,"comment_status":"closed","ping_status":"closed","template":"","meta":{"_acf_changed":false,"site-sidebar-layout":"no-sidebar","site-content-layout":"page-builder","ast-site-content-layout":"full-width-container","site-content-style":"unboxed","site-sidebar-style":"unboxed","ast-global-header-display":"","ast-banner-title-visibility":"","ast-main-header-display":"","ast-hfb-above-header-display":"","ast-hfb-below-header-display":"","ast-hfb-mobile-header-display":"","site-post-title":"disabled","ast-breadcrumbs-content":"disabled","ast-featured-img":"disabled","footer-sml-layout":"","theme-transparent-header-meta":"disabled","adv-header-id-meta":"","stick-header-meta":"","header-above-stick-meta":"","header-main-stick-meta":"","header-below-stick-meta":"","astra-migrate-meta-layouts":"default","ast-page-background-enabled":"default","ast-page-background-meta":{"desktop":{"background-color":"","background-image":"","background-repeat":"repeat","background-position":"center center","background-size":"auto","background-attachment":"scroll","background-type":"","background-media":"","overlay-type":"","overlay-color":"","overlay-opacity":"","overlay-gradient":""},"tablet":{"background-color":"","background-image":"","background-repeat":"repeat","background-position":"center center","background-size":"auto","background-attachment":"scroll","background-type":"","background-media":"","overlay-type":"","overlay-color":"","overlay-opacity":"","overlay-gradient":""},"mobile":{"background-color":"","background-image":"","background-repeat":"repeat","background-position":"center center","background-size":"auto","background-attachment":"scroll","background-type":"","background-media":"","overlay-type":"","overlay-color":"","overlay-opacity":"","overlay-gradient":""}},"ast-content-background-meta":{"desktop":{"background-color":"var(--ast-global-color-5)","background-image":"","background-repeat":"repeat","background-position":"center center","background-size":"auto","background-attachment":"scroll","background-type":"","background-media":"","overlay-type":"","overlay-color":"","overlay-opacity":"","overlay-gradient":""},"tablet":{"background-color":"var(--ast-global-color-5)","background-image":"","background-repeat":"repeat","background-position":"center center","background-size":"auto","background-attachment":"scroll","background-type":"","background-media":"","overlay-type":"","overlay-color":"","overlay-opacity":"","overlay-gradient":""},"mobile":{"background-color":"var(--ast-global-color-5)","background-image":"","background-repeat":"repeat","background-position":"center center","background-size":"auto","background-attachment":"scroll","background-type":"","background-media":"","overlay-type":"","overlay-color":"","overlay-opacity":"","overlay-gradient":""}},"footnotes":""},"class_list":["post-4916","page","type-page","status-publish","has-post-thumbnail","hentry"],"acf":[],"yoast_head":"<!-- This site is optimized with the Yoast SEO plugin v27.4 - https:\/\/yoast.com\/product\/yoast-seo-wordpress\/ -->\n<title>Rodamientos de Rueda EDGE: Calidad Premium | Transbec Auto Parts<\/title>\n<meta name=\"description\" content=\"Descubra los rodamientos de rueda EDGE de Transbec, que ofrecen alta calidad, ajuste exacto y precios competitivos. De confianza en toda Norteam\u00e9rica.\" \/>\n<meta name=\"robots\" content=\"index, follow, max-snippet:-1, max-image-preview:large, max-video-preview:-1\" \/>\n<link rel=\"canonical\" href=\"https:\/\/america-auto.parts\/es\/edge\/\" \/>\n<meta property=\"og:locale\" content=\"es_ES\" \/>\n<meta property=\"og:type\" content=\"article\" \/>\n<meta property=\"og:title\" content=\"Rodamientos de Rueda EDGE: Calidad Premium | Transbec Auto Parts\" \/>\n<meta property=\"og:description\" content=\"Descubra los rodamientos de rueda EDGE de Transbec, que ofrecen alta calidad, ajuste exacto y precios competitivos. De confianza en toda Norteam\u00e9rica.\" \/>\n<meta property=\"og:url\" content=\"https:\/\/america-auto.parts\/es\/edge\/\" \/>\n<meta property=\"og:site_name\" content=\"Transbec USA\" \/>\n<meta property=\"article:modified_time\" content=\"2024-08-06T20:58:53+00:00\" \/>\n<meta property=\"og:image\" content=\"https:\/\/america-auto.parts\/wp-content\/uploads\/2024\/05\/edge_hm_bg.jpg\" \/>\n\t<meta property=\"og:image:width\" content=\"1920\" \/>\n\t<meta property=\"og:image:height\" content=\"1080\" \/>\n\t<meta property=\"og:image:type\" content=\"image\/jpeg\" \/>\n<meta name=\"twitter:card\" content=\"summary_large_image\" \/>\n<meta name=\"twitter:label1\" content=\"Tiempo de lectura\" \/>\n\t<meta name=\"twitter:data1\" content=\"2 minutos\" \/>\n<script type=\"application\/ld+json\" class=\"yoast-schema-graph\">{\"@context\":\"https:\\\/\\\/schema.org\",\"@graph\":[{\"@type\":\"WebPage\",\"@id\":\"https:\\\/\\\/america-auto.parts\\\/es\\\/edge\\\/\",\"url\":\"https:\\\/\\\/america-auto.parts\\\/es\\\/edge\\\/\",\"name\":\"Rodamientos de Rueda EDGE: Calidad Premium | Transbec Auto Parts\",\"isPartOf\":{\"@id\":\"https:\\\/\\\/america-auto.parts\\\/es\\\/#website\"},\"primaryImageOfPage\":{\"@id\":\"https:\\\/\\\/america-auto.parts\\\/es\\\/edge\\\/#primaryimage\"},\"image\":{\"@id\":\"https:\\\/\\\/america-auto.parts\\\/es\\\/edge\\\/#primaryimage\"},\"thumbnailUrl\":\"https:\\\/\\\/america-auto.parts\\\/wp-content\\\/uploads\\\/2024\\\/05\\\/edge_hm_bg.jpg\",\"datePublished\":\"2024-05-27T19:38:58+00:00\",\"dateModified\":\"2024-08-06T20:58:53+00:00\",\"description\":\"Descubra los rodamientos de rueda EDGE de Transbec, que ofrecen alta calidad, ajuste exacto y precios competitivos. De confianza en toda Norteam\u00e9rica.\",\"breadcrumb\":{\"@id\":\"https:\\\/\\\/america-auto.parts\\\/es\\\/edge\\\/#breadcrumb\"},\"inLanguage\":\"es\",\"potentialAction\":[{\"@type\":\"ReadAction\",\"target\":[\"https:\\\/\\\/america-auto.parts\\\/es\\\/edge\\\/\"]}]},{\"@type\":\"ImageObject\",\"inLanguage\":\"es\",\"@id\":\"https:\\\/\\\/america-auto.parts\\\/es\\\/edge\\\/#primaryimage\",\"url\":\"https:\\\/\\\/america-auto.parts\\\/wp-content\\\/uploads\\\/2024\\\/05\\\/edge_hm_bg.jpg\",\"contentUrl\":\"https:\\\/\\\/america-auto.parts\\\/wp-content\\\/uploads\\\/2024\\\/05\\\/edge_hm_bg.jpg\",\"width\":1920,\"height\":1080},{\"@type\":\"BreadcrumbList\",\"@id\":\"https:\\\/\\\/america-auto.parts\\\/es\\\/edge\\\/#breadcrumb\",\"itemListElement\":[{\"@type\":\"ListItem\",\"position\":1,\"name\":\"Home\",\"item\":\"https:\\\/\\\/america-auto.parts\\\/es\\\/\"},{\"@type\":\"ListItem\",\"position\":2,\"name\":\"Edge\"}]},{\"@type\":\"WebSite\",\"@id\":\"https:\\\/\\\/america-auto.parts\\\/es\\\/#website\",\"url\":\"https:\\\/\\\/america-auto.parts\\\/es\\\/\",\"name\":\"Transbec USA\",\"description\":\"\",\"publisher\":{\"@id\":\"https:\\\/\\\/america-auto.parts\\\/es\\\/#organization\"},\"potentialAction\":[{\"@type\":\"SearchAction\",\"target\":{\"@type\":\"EntryPoint\",\"urlTemplate\":\"https:\\\/\\\/america-auto.parts\\\/es\\\/?s={search_term_string}\"},\"query-input\":{\"@type\":\"PropertyValueSpecification\",\"valueRequired\":true,\"valueName\":\"search_term_string\"}}],\"inLanguage\":\"es\"},{\"@type\":\"Organization\",\"@id\":\"https:\\\/\\\/america-auto.parts\\\/es\\\/#organization\",\"name\":\"Transbec USA\",\"url\":\"https:\\\/\\\/america-auto.parts\\\/es\\\/\",\"logo\":{\"@type\":\"ImageObject\",\"inLanguage\":\"es\",\"@id\":\"https:\\\/\\\/america-auto.parts\\\/es\\\/#\\\/schema\\\/logo\\\/image\\\/\",\"url\":\"https:\\\/\\\/america-auto.parts\\\/wp-content\\\/uploads\\\/2024\\\/09\\\/transbec-parts-america22.png\",\"contentUrl\":\"https:\\\/\\\/america-auto.parts\\\/wp-content\\\/uploads\\\/2024\\\/09\\\/transbec-parts-america22.png\",\"width\":633,\"height\":470,\"caption\":\"Transbec USA\"},\"image\":{\"@id\":\"https:\\\/\\\/america-auto.parts\\\/es\\\/#\\\/schema\\\/logo\\\/image\\\/\"}}]}<\/script>\n<!-- \/ Yoast SEO plugin. -->","yoast_head_json":{"title":"Rodamientos de Rueda EDGE: Calidad Premium | Transbec Auto Parts","description":"Descubra los rodamientos de rueda EDGE de Transbec, que ofrecen alta calidad, ajuste exacto y precios competitivos. De confianza en toda Norteam\u00e9rica.","robots":{"index":"index","follow":"follow","max-snippet":"max-snippet:-1","max-image-preview":"max-image-preview:large","max-video-preview":"max-video-preview:-1"},"canonical":"https:\/\/america-auto.parts\/es\/edge\/","og_locale":"es_ES","og_type":"article","og_title":"Rodamientos de Rueda EDGE: Calidad Premium | Transbec Auto Parts","og_description":"Descubra los rodamientos de rueda EDGE de Transbec, que ofrecen alta calidad, ajuste exacto y precios competitivos. De confianza en toda Norteam\u00e9rica.","og_url":"https:\/\/america-auto.parts\/es\/edge\/","og_site_name":"Transbec USA","article_modified_time":"2024-08-06T20:58:53+00:00","og_image":[{"width":1920,"height":1080,"url":"https:\/\/america-auto.parts\/wp-content\/uploads\/2024\/05\/edge_hm_bg.jpg","type":"image\/jpeg"}],"twitter_card":"summary_large_image","twitter_misc":{"Tiempo de lectura":"2 minutos"},"schema":{"@context":"https:\/\/schema.org","@graph":[{"@type":"WebPage","@id":"https:\/\/america-auto.parts\/es\/edge\/","url":"https:\/\/america-auto.parts\/es\/edge\/","name":"Rodamientos de Rueda EDGE: Calidad Premium | Transbec Auto Parts","isPartOf":{"@id":"https:\/\/america-auto.parts\/es\/#website"},"primaryImageOfPage":{"@id":"https:\/\/america-auto.parts\/es\/edge\/#primaryimage"},"image":{"@id":"https:\/\/america-auto.parts\/es\/edge\/#primaryimage"},"thumbnailUrl":"https:\/\/america-auto.parts\/wp-content\/uploads\/2024\/05\/edge_hm_bg.jpg","datePublished":"2024-05-27T19:38:58+00:00","dateModified":"2024-08-06T20:58:53+00:00","description":"Descubra los rodamientos de rueda EDGE de Transbec, que ofrecen alta calidad, ajuste exacto y precios competitivos. De confianza en toda Norteam\u00e9rica.","breadcrumb":{"@id":"https:\/\/america-auto.parts\/es\/edge\/#breadcrumb"},"inLanguage":"es","potentialAction":[{"@type":"ReadAction","target":["https:\/\/america-auto.parts\/es\/edge\/"]}]},{"@type":"ImageObject","inLanguage":"es","@id":"https:\/\/america-auto.parts\/es\/edge\/#primaryimage","url":"https:\/\/america-auto.parts\/wp-content\/uploads\/2024\/05\/edge_hm_bg.jpg","contentUrl":"https:\/\/america-auto.parts\/wp-content\/uploads\/2024\/05\/edge_hm_bg.jpg","width":1920,"height":1080},{"@type":"BreadcrumbList","@id":"https:\/\/america-auto.parts\/es\/edge\/#breadcrumb","itemListElement":[{"@type":"ListItem","position":1,"name":"Home","item":"https:\/\/america-auto.parts\/es\/"},{"@type":"ListItem","position":2,"name":"Edge"}]},{"@type":"WebSite","@id":"https:\/\/america-auto.parts\/es\/#website","url":"https:\/\/america-auto.parts\/es\/","name":"Transbec USA","description":"","publisher":{"@id":"https:\/\/america-auto.parts\/es\/#organization"},"potentialAction":[{"@type":"SearchAction","target":{"@type":"EntryPoint","urlTemplate":"https:\/\/america-auto.parts\/es\/?s={search_term_string}"},"query-input":{"@type":"PropertyValueSpecification","valueRequired":true,"valueName":"search_term_string"}}],"inLanguage":"es"},{"@type":"Organization","@id":"https:\/\/america-auto.parts\/es\/#organization","name":"Transbec USA","url":"https:\/\/america-auto.parts\/es\/","logo":{"@type":"ImageObject","inLanguage":"es","@id":"https:\/\/america-auto.parts\/es\/#\/schema\/logo\/image\/","url":"https:\/\/america-auto.parts\/wp-content\/uploads\/2024\/09\/transbec-parts-america22.png","contentUrl":"https:\/\/america-auto.parts\/wp-content\/uploads\/2024\/09\/transbec-parts-america22.png","width":633,"height":470,"caption":"Transbec USA"},"image":{"@id":"https:\/\/america-auto.parts\/es\/#\/schema\/logo\/image\/"}}]}},"_links":{"self":[{"href":"https:\/\/america-auto.parts\/es\/wp-json\/wp\/v2\/pages\/4916","targetHints":{"allow":["GET"]}}],"collection":[{"href":"https:\/\/america-auto.parts\/es\/wp-json\/wp\/v2\/pages"}],"about":[{"href":"https:\/\/america-auto.parts\/es\/wp-json\/wp\/v2\/types\/page"}],"author":[{"embeddable":true,"href":"https:\/\/america-auto.parts\/es\/wp-json\/wp\/v2\/users\/1"}],"replies":[{"embeddable":true,"href":"https:\/\/america-auto.parts\/es\/wp-json\/wp\/v2\/comments?post=4916"}],"version-history":[{"count":4,"href":"https:\/\/america-auto.parts\/es\/wp-json\/wp\/v2\/pages\/4916\/revisions"}],"predecessor-version":[{"id":5006,"href":"https:\/\/america-auto.parts\/es\/wp-json\/wp\/v2\/pages\/4916\/revisions\/5006"}],"wp:featuredmedia":[{"embeddable":true,"href":"https:\/\/america-auto.parts\/es\/wp-json\/wp\/v2\/media\/4828"}],"wp:attachment":[{"href":"https:\/\/america-auto.parts\/es\/wp-json\/wp\/v2\/media?parent=4916"}],"curies":[{"name":"wp","href":"https:\/\/api.w.org\/{rel}","templated":true}]}}