{"id":4918,"date":"2021-07-16T03:32:17","date_gmt":"2021-07-16T07:32:17","guid":{"rendered":"https:\/\/transbecusa.tripledoublev.ca\/ponte-en-contacto-con\/"},"modified":"2024-09-19T10:34:28","modified_gmt":"2024-09-19T14:34:28","slug":"ponte-en-contacto-con","status":"publish","type":"page","link":"https:\/\/america-auto.parts\/es\/ponte-en-contacto-con\/","title":{"rendered":"Ponte en contacto con"},"content":{"rendered":"\t\t<div data-elementor-type=\"wp-page\" data-elementor-id=\"4918\" class=\"elementor elementor-4918 elementor-554\" data-elementor-post-type=\"page\">\n\t\t\t\t\t\t<section class=\"elementor-section elementor-top-section elementor-element elementor-element-d817dda elementor-section-boxed elementor-section-height-default elementor-section-height-default\" data-id=\"d817dda\" data-element_type=\"section\" data-e-type=\"section\" data-settings=\"{&quot;background_background&quot;:&quot;classic&quot;}\">\n\t\t\t\t\t\t\t<div class=\"elementor-background-overlay\"><\/div>\n\t\t\t\t\t\t\t<div class=\"elementor-container elementor-column-gap-no\">\n\t\t\t\t\t<div class=\"elementor-column elementor-col-100 elementor-top-column elementor-element elementor-element-340631b\" data-id=\"340631b\" data-element_type=\"column\" data-e-type=\"column\">\n\t\t\t<div class=\"elementor-widget-wrap elementor-element-populated\">\n\t\t\t\t\t\t\t<\/div>\n\t\t<\/div>\n\t\t\t\t\t<\/div>\n\t\t<\/section>\n\t\t\t\t<section class=\"elementor-section elementor-top-section elementor-element elementor-element-08e9500 elementor-section-boxed elementor-section-height-default elementor-section-height-default\" data-id=\"08e9500\" data-element_type=\"section\" data-e-type=\"section\" data-settings=\"{&quot;background_background&quot;:&quot;classic&quot;}\">\n\t\t\t\t\t\t<div class=\"elementor-container elementor-column-gap-no\">\n\t\t\t\t\t<div class=\"elementor-column elementor-col-100 elementor-top-column elementor-element elementor-element-b771d3f\" data-id=\"b771d3f\" data-element_type=\"column\" data-e-type=\"column\">\n\t\t\t<div class=\"elementor-widget-wrap elementor-element-populated\">\n\t\t\t\t\t\t<section class=\"elementor-section elementor-inner-section elementor-element elementor-element-de9314b elementor-section-boxed elementor-section-height-default elementor-section-height-default\" data-id=\"de9314b\" data-element_type=\"section\" data-e-type=\"section\" data-settings=\"{&quot;background_background&quot;:&quot;classic&quot;}\">\n\t\t\t\t\t\t<div class=\"elementor-container elementor-column-gap-no\">\n\t\t\t\t\t<div class=\"elementor-column elementor-col-33 elementor-inner-column elementor-element elementor-element-9c5936d\" data-id=\"9c5936d\" data-element_type=\"column\" data-e-type=\"column\">\n\t\t\t<div class=\"elementor-widget-wrap elementor-element-populated\">\n\t\t\t\t\t\t<div class=\"elementor-element elementor-element-5e5d4e5 elementor-widget elementor-widget-heading\" data-id=\"5e5d4e5\" data-element_type=\"widget\" data-e-type=\"widget\" data-widget_type=\"heading.default\">\n\t\t\t\t<div class=\"elementor-widget-container\">\n\t\t\t\t\t<h2 class=\"elementor-heading-title elementor-size-default\">Ponte en contacto<\/h2>\t\t\t\t<\/div>\n\t\t\t\t<\/div>\n\t\t\t\t<div class=\"elementor-element elementor-element-213073b elementor-position-inline-start elementor-mobile-position-inline-start elementor-view-default elementor-widget elementor-widget-icon-box\" data-id=\"213073b\" data-element_type=\"widget\" data-e-type=\"widget\" data-widget_type=\"icon-box.default\">\n\t\t\t\t<div class=\"elementor-widget-container\">\n\t\t\t\t\t\t\t<div class=\"elementor-icon-box-wrapper\">\n\n\t\t\t\t\t\t<div class=\"elementor-icon-box-icon\">\n\t\t\t\t<a href=\"https:\/\/www.google.com\/maps\/place\/2995+Lone+Oak+Cir+Suite+3,+Eagan,+MN+55121,+USA\/@44.8485902,-93.1422435,16z\/data=!3m1!4b1!4m6!3m5!1s0x87f62c540df2655b:0x7dc822208dc0c579!8m2!3d44.8485902!4d-93.1422435!16s%2Fg%2F11mhjyyn72?entry=ttu\" target=\"_blank\" class=\"elementor-icon\" tabindex=\"-1\" aria-label=\"Direcci\u00f3n\">\n\t\t\t\t<svg aria-hidden=\"true\" class=\"e-font-icon-svg e-fas-map-marker-alt\" viewBox=\"0 0 384 512\" xmlns=\"http:\/\/www.w3.org\/2000\/svg\"><path d=\"M172.268 501.67C26.97 291.031 0 269.413 0 192 0 85.961 85.961 0 192 0s192 85.961 192 192c0 77.413-26.97 99.031-172.268 309.67-9.535 13.774-29.93 13.773-39.464 0zM192 272c44.183 0 80-35.817 80-80s-35.817-80-80-80-80 35.817-80 80 35.817 80 80 80z\"><\/path><\/svg>\t\t\t\t<\/a>\n\t\t\t<\/div>\n\t\t\t\n\t\t\t\t\t\t<div class=\"elementor-icon-box-content\">\n\n\t\t\t\t\t\t\t\t\t<h6 class=\"elementor-icon-box-title\">\n\t\t\t\t\t\t<a href=\"https:\/\/www.google.com\/maps\/place\/2995+Lone+Oak+Cir+Suite+3,+Eagan,+MN+55121,+USA\/@44.8485902,-93.1422435,16z\/data=!3m1!4b1!4m6!3m5!1s0x87f62c540df2655b:0x7dc822208dc0c579!8m2!3d44.8485902!4d-93.1422435!16s%2Fg%2F11mhjyyn72?entry=ttu\" target=\"_blank\" >\n\t\t\t\t\t\t\tDirecci\u00f3n\t\t\t\t\t\t<\/a>\n\t\t\t\t\t<\/h6>\n\t\t\t\t\n\t\t\t\t\t\t\t\t\t<p class=\"elementor-icon-box-description\">\n\t\t\t\t\t\t2995 Lone Oak Circle Ste 3, Eagan, MN 55121, USA\t\t\t\t\t<\/p>\n\t\t\t\t\n\t\t\t<\/div>\n\t\t\t\n\t\t<\/div>\n\t\t\t\t\t\t<\/div>\n\t\t\t\t<\/div>\n\t\t\t\t<div class=\"elementor-element elementor-element-ffbbc23 elementor-widget-divider--view-line elementor-widget elementor-widget-divider\" data-id=\"ffbbc23\" data-element_type=\"widget\" data-e-type=\"widget\" data-widget_type=\"divider.default\">\n\t\t\t\t<div class=\"elementor-widget-container\">\n\t\t\t\t\t\t\t<div class=\"elementor-divider\">\n\t\t\t<span class=\"elementor-divider-separator\">\n\t\t\t\t\t\t<\/span>\n\t\t<\/div>\n\t\t\t\t\t\t<\/div>\n\t\t\t\t<\/div>\n\t\t\t\t<div class=\"elementor-element elementor-element-e2a0f20 elementor-widget elementor-widget-heading\" data-id=\"e2a0f20\" data-element_type=\"widget\" data-e-type=\"widget\" data-widget_type=\"heading.default\">\n\t\t\t\t<div class=\"elementor-widget-container\">\n\t\t\t\t\t<h5 class=\"elementor-heading-title elementor-size-default\">Atenci\u00f3n al cliente<\/h5>\t\t\t\t<\/div>\n\t\t\t\t<\/div>\n\t\t\t\t<div class=\"elementor-element elementor-element-89104c1 elementor-widget elementor-widget-text-editor\" data-id=\"89104c1\" data-element_type=\"widget\" data-e-type=\"widget\" data-widget_type=\"text-editor.default\">\n\t\t\t\t<div class=\"elementor-widget-container\">\n\t\t\t\t\t\t\t\t\t<p>Un servicio al cliente excepcional genera lealtad, satisfacci\u00f3n y \u00e9xito empresarial a largo plazo.<\/p>\n\t\t\t\t\t\t\t\t<\/div>\n\t\t\t\t<\/div>\n\t\t\t\t<div class=\"elementor-element elementor-element-9521886 elementor-icon-list--layout-traditional elementor-list-item-link-full_width elementor-widget elementor-widget-icon-list\" data-id=\"9521886\" data-element_type=\"widget\" data-e-type=\"widget\" data-widget_type=\"icon-list.default\">\n\t\t\t\t<div class=\"elementor-widget-container\">\n\t\t\t\t\t\t\t<ul class=\"elementor-icon-list-items\">\n\t\t\t\t\t\t\t<li class=\"elementor-icon-list-item\">\n\t\t\t\t\t\t\t\t\t\t\t<a href=\"tel:18005542744\">\n\n\t\t\t\t\t\t\t\t\t\t\t\t<span class=\"elementor-icon-list-icon\">\n\t\t\t\t\t\t\t<svg aria-hidden=\"true\" class=\"e-font-icon-svg e-fas-phone\" viewBox=\"0 0 512 512\" xmlns=\"http:\/\/www.w3.org\/2000\/svg\"><path d=\"M493.4 24.6l-104-24c-11.3-2.6-22.9 3.3-27.5 13.9l-48 112c-4.2 9.8-1.4 21.3 6.9 28l60.6 49.6c-36 76.7-98.9 140.5-177.2 177.2l-49.6-60.6c-6.8-8.3-18.2-11.1-28-6.9l-112 48C3.9 366.5-2 378.1.6 389.4l24 104C27.1 504.2 36.7 512 48 512c256.1 0 464-207.5 464-464 0-11.2-7.7-20.9-18.6-23.4z\"><\/path><\/svg>\t\t\t\t\t\t<\/span>\n\t\t\t\t\t\t\t\t\t\t<span class=\"elementor-icon-list-text\">1-800-554-2744<\/span>\n\t\t\t\t\t\t\t\t\t\t\t<\/a>\n\t\t\t\t\t\t\t\t\t<\/li>\n\t\t\t\t\t\t<\/ul>\n\t\t\t\t\t\t<\/div>\n\t\t\t\t<\/div>\n\t\t\t\t\t<\/div>\n\t\t<\/div>\n\t\t\t\t<div class=\"elementor-column elementor-col-66 elementor-inner-column elementor-element elementor-element-985d13b\" data-id=\"985d13b\" data-element_type=\"column\" data-e-type=\"column\">\n\t\t\t<div class=\"elementor-widget-wrap elementor-element-populated\">\n\t\t\t\t\t\t<div class=\"elementor-element elementor-element-7839bb8 elementor-widget-divider--view-line elementor-widget elementor-widget-divider\" data-id=\"7839bb8\" data-element_type=\"widget\" data-e-type=\"widget\" data-widget_type=\"divider.default\">\n\t\t\t\t<div class=\"elementor-widget-container\">\n\t\t\t\t\t\t\t<div class=\"elementor-divider\">\n\t\t\t<span class=\"elementor-divider-separator\">\n\t\t\t\t\t\t<\/span>\n\t\t<\/div>\n\t\t\t\t\t\t<\/div>\n\t\t\t\t<\/div>\n\t\t\t\t<div class=\"elementor-element elementor-element-d23a397 elementor-button-align-stretch elementor-widget elementor-widget-form\" data-id=\"d23a397\" data-element_type=\"widget\" data-e-type=\"widget\" data-settings=\"{&quot;button_width&quot;:&quot;30&quot;,&quot;step_next_label&quot;:&quot;Siguiente&quot;,&quot;step_previous_label&quot;:&quot;Anterior&quot;,&quot;step_type&quot;:&quot;number_text&quot;,&quot;step_icon_shape&quot;:&quot;circle&quot;}\" data-widget_type=\"form.default\">\n\t\t\t\t<div class=\"elementor-widget-container\">\n\t\t\t\t\t\t\t<form class=\"elementor-form\" method=\"post\" name=\"Nuevo formulario\">\n\t\t\t<input type=\"hidden\" name=\"post_id\" value=\"4918\"\/>\n\t\t\t<input type=\"hidden\" name=\"form_id\" value=\"d23a397\"\/>\n\t\t\t<input type=\"hidden\" name=\"referer_title\" value=\"Ponte en contacto con Transbec America para solicitar informaci\u00f3n sobre piezas de recambio hoy mismo.\" \/>\n\n\t\t\t\t\t\t\t<input type=\"hidden\" name=\"queried_id\" value=\"4918\"\/>\n\t\t\t\n\t\t\t<div class=\"elementor-form-fields-wrapper elementor-labels-above\">\n\t\t\t\t\t\t\t\t<div class=\"elementor-field-type-text elementor-field-group elementor-column elementor-field-group-name elementor-col-100 elementor-field-required elementor-mark-required\">\n\t\t\t\t\t\t\t\t\t\t\t\t<label for=\"form-field-name\" class=\"elementor-field-label\">\n\t\t\t\t\t\t\t\tNombre\t\t\t\t\t\t\t<\/label>\n\t\t\t\t\t\t\t\t\t\t\t\t\t\t<input size=\"1\" type=\"text\" name=\"form_fields[name]\" id=\"form-field-name\" class=\"elementor-field elementor-size-sm  elementor-field-textual\" required=\"required\">\n\t\t\t\t\t\t\t\t\t\t\t<\/div>\n\t\t\t\t\t\t\t\t<div class=\"elementor-field-type-email elementor-field-group elementor-column elementor-field-group-email elementor-col-100 elementor-field-required elementor-mark-required\">\n\t\t\t\t\t\t\t\t\t\t\t\t<label for=\"form-field-email\" class=\"elementor-field-label\">\n\t\t\t\t\t\t\t\tEnv\u00eda un correo electr\u00f3nico a\t\t\t\t\t\t\t<\/label>\n\t\t\t\t\t\t\t\t\t\t\t\t\t\t<input size=\"1\" type=\"email\" name=\"form_fields[email]\" id=\"form-field-email\" class=\"elementor-field elementor-size-sm  elementor-field-textual\" required=\"required\">\n\t\t\t\t\t\t\t\t\t\t\t<\/div>\n\t\t\t\t\t\t\t\t<div class=\"elementor-field-type-textarea elementor-field-group elementor-column elementor-field-group-message elementor-col-100\">\n\t\t\t\t\t\t\t\t\t\t\t\t<label for=\"form-field-message\" class=\"elementor-field-label\">\n\t\t\t\t\t\t\t\tMensaje\t\t\t\t\t\t\t<\/label>\n\t\t\t\t\t\t<textarea class=\"elementor-field-textual elementor-field  elementor-size-sm\" name=\"form_fields[message]\" id=\"form-field-message\" rows=\"4\"><\/textarea>\t\t\t\t<\/div>\n\t\t\t\t\t\t\t\t<div class=\"elementor-field-type-recaptcha_v3 elementor-field-group elementor-column elementor-field-group-field_141f7ae elementor-col-100 recaptcha_v3-bottomleft\">\n\t\t\t\t\t<div class=\"elementor-field\" id=\"form-field-field_141f7ae\"><div class=\"elementor-g-recaptcha\" data-sitekey=\"6LfD0iAqAAAAABjtdFbxWtZV80IMRFR4KaMQLi4A\" data-type=\"v3\" data-action=\"Form\" data-badge=\"bottomleft\" data-size=\"invisible\"><\/div><\/div>\t\t\t\t<\/div>\n\t\t\t\t\t\t\t\t<div class=\"elementor-field-group elementor-column elementor-field-type-submit elementor-col-30 e-form__buttons\">\n\t\t\t\t\t<button class=\"elementor-button elementor-size-sm\" type=\"submit\">\n\t\t\t\t\t\t<span class=\"elementor-button-content-wrapper\">\n\t\t\t\t\t\t\t\t\t\t\t\t\t\t\t\t\t\t\t\t\t\t<span class=\"elementor-button-text\">Env\u00eda<\/span>\n\t\t\t\t\t\t\t\t\t\t\t\t\t<\/span>\n\t\t\t\t\t<\/button>\n\t\t\t\t<\/div>\n\t\t\t<\/div>\n\t\t<\/form>\n\t\t\t\t\t\t<\/div>\n\t\t\t\t<\/div>\n\t\t\t\t\t<\/div>\n\t\t<\/div>\n\t\t\t\t\t<\/div>\n\t\t<\/section>\n\t\t\t\t<div class=\"elementor-element elementor-element-ff7a958 elementor-widget elementor-widget-html\" data-id=\"ff7a958\" data-element_type=\"widget\" data-e-type=\"widget\" data-widget_type=\"html.default\">\n\t\t\t\t<div class=\"elementor-widget-container\">\n\t\t\t\t\t<iframe src=\"https:\/\/www.google.com\/maps\/embed?pb=!1m18!1m12!1m3!1d5657.346210526855!2d-93.14224349999999!3d44.8485902!2m3!1f0!2f0!3f0!3m2!1i1024!2i768!4f13.1!3m3!1m2!1s0x87f62c540df2655b%3A0x7dc822208dc0c579!2s2995%20Lone%20Oak%20Cir%20Suite%203%2C%20Eagan%2C%20MN%2055121%2C%20USA!5e0!3m2!1sen!2sca!4v1724261102611!5m2!1sen!2sca\" width=\"600\" height=\"450\" style=\"border:0;\" allowfullscreen=\"\" loading=\"lazy\" referrerpolicy=\"no-referrer-when-downgrade\"><\/iframe>\t\t\t\t<\/div>\n\t\t\t\t<\/div>\n\t\t\t\t\t<\/div>\n\t\t<\/div>\n\t\t\t\t\t<\/div>\n\t\t<\/section>\n\t\t\t\t<\/div>\n\t\t","protected":false},"excerpt":{"rendered":"<p>Ponte en contacto Direcci\u00f3n 2995 Lone Oak Circle Ste 3, Eagan, MN 55121, USA Atenci\u00f3n al cliente Un servicio al cliente excepcional genera lealtad, satisfacci\u00f3n y \u00e9xito empresarial a largo plazo. 1-800-554-2744<\/p>\n","protected":false},"author":1,"featured_media":4785,"parent":0,"menu_order":0,"comment_status":"closed","ping_status":"closed","template":"","meta":{"_acf_changed":false,"site-sidebar-layout":"no-sidebar","site-content-layout":"page-builder","ast-site-content-layout":"full-width-container","site-content-style":"unboxed","site-sidebar-style":"unboxed","ast-global-header-display":"","ast-banner-title-visibility":"","ast-main-header-display":"","ast-hfb-above-header-display":"","ast-hfb-below-header-display":"","ast-hfb-mobile-header-display":"","site-post-title":"disabled","ast-breadcrumbs-content":"disabled","ast-featured-img":"disabled","footer-sml-layout":"","theme-transparent-header-meta":"disabled","adv-header-id-meta":"","stick-header-meta":"","header-above-stick-meta":"","header-main-stick-meta":"","header-below-stick-meta":"","astra-migrate-meta-layouts":"default","ast-page-background-enabled":"default","ast-page-background-meta":{"desktop":{"background-color":"","background-image":"","background-repeat":"repeat","background-position":"center center","background-size":"auto","background-attachment":"scroll","background-type":"","background-media":"","overlay-type":"","overlay-color":"","overlay-opacity":"","overlay-gradient":""},"tablet":{"background-color":"","background-image":"","background-repeat":"repeat","background-position":"center center","background-size":"auto","background-attachment":"scroll","background-type":"","background-media":"","overlay-type":"","overlay-color":"","overlay-opacity":"","overlay-gradient":""},"mobile":{"background-color":"","background-image":"","background-repeat":"repeat","background-position":"center center","background-size":"auto","background-attachment":"scroll","background-type":"","background-media":"","overlay-type":"","overlay-color":"","overlay-opacity":"","overlay-gradient":""}},"ast-content-background-meta":{"desktop":{"background-color":"var(--ast-global-color-5)","background-image":"","background-repeat":"repeat","background-position":"center center","background-size":"auto","background-attachment":"scroll","background-type":"","background-media":"","overlay-type":"","overlay-color":"","overlay-opacity":"","overlay-gradient":""},"tablet":{"background-color":"var(--ast-global-color-5)","background-image":"","background-repeat":"repeat","background-position":"center center","background-size":"auto","background-attachment":"scroll","background-type":"","background-media":"","overlay-type":"","overlay-color":"","overlay-opacity":"","overlay-gradient":""},"mobile":{"background-color":"var(--ast-global-color-5)","background-image":"","background-repeat":"repeat","background-position":"center center","background-size":"auto","background-attachment":"scroll","background-type":"","background-media":"","overlay-type":"","overlay-color":"","overlay-opacity":"","overlay-gradient":""}},"footnotes":""},"class_list":["post-4918","page","type-page","status-publish","has-post-thumbnail","hentry"],"acf":[],"yoast_head":"<!-- This site is optimized with the Yoast SEO plugin v27.4 - https:\/\/yoast.com\/product\/yoast-seo-wordpress\/ -->\n<title>Ponte en contacto con Transbec America para solicitar informaci\u00f3n sobre piezas de recambio hoy mismo.<\/title>\n<meta name=\"description\" content=\"Acude a Transbec America para todas tus necesidades de piezas de recambio. Ll\u00e1manos o visita nuestra p\u00e1gina de contacto para m\u00e1s informaci\u00f3n.\" \/>\n<meta name=\"robots\" content=\"index, follow, max-snippet:-1, max-image-preview:large, max-video-preview:-1\" \/>\n<link rel=\"canonical\" href=\"https:\/\/america-auto.parts\/es\/ponte-en-contacto-con\/\" \/>\n<meta property=\"og:locale\" content=\"es_ES\" \/>\n<meta property=\"og:type\" content=\"article\" \/>\n<meta property=\"og:title\" content=\"Ponte en contacto con Transbec America para solicitar informaci\u00f3n sobre piezas de recambio hoy mismo.\" \/>\n<meta property=\"og:description\" content=\"Acude a Transbec America para todas tus necesidades de piezas de recambio. Ll\u00e1manos o visita nuestra p\u00e1gina de contacto para m\u00e1s informaci\u00f3n.\" \/>\n<meta property=\"og:url\" content=\"https:\/\/america-auto.parts\/es\/ponte-en-contacto-con\/\" \/>\n<meta property=\"og:site_name\" content=\"Transbec USA\" \/>\n<meta property=\"article:modified_time\" content=\"2024-09-19T14:34:28+00:00\" \/>\n<meta property=\"og:image\" content=\"https:\/\/america-auto.parts\/wp-content\/uploads\/2024\/05\/girls-USA.webp\" \/>\n\t<meta property=\"og:image:width\" content=\"1024\" \/>\n\t<meta property=\"og:image:height\" content=\"682\" \/>\n\t<meta property=\"og:image:type\" content=\"image\/webp\" \/>\n<meta name=\"twitter:card\" content=\"summary_large_image\" \/>\n<meta name=\"twitter:label1\" content=\"Tiempo de lectura\" \/>\n\t<meta name=\"twitter:data1\" content=\"1 minuto\" \/>\n<script type=\"application\/ld+json\" class=\"yoast-schema-graph\">{\"@context\":\"https:\\\/\\\/schema.org\",\"@graph\":[{\"@type\":\"WebPage\",\"@id\":\"https:\\\/\\\/america-auto.parts\\\/es\\\/ponte-en-contacto-con\\\/\",\"url\":\"https:\\\/\\\/america-auto.parts\\\/es\\\/ponte-en-contacto-con\\\/\",\"name\":\"Ponte en contacto con Transbec America para solicitar informaci\u00f3n sobre piezas de recambio hoy mismo.\",\"isPartOf\":{\"@id\":\"https:\\\/\\\/america-auto.parts\\\/es\\\/#website\"},\"primaryImageOfPage\":{\"@id\":\"https:\\\/\\\/america-auto.parts\\\/es\\\/ponte-en-contacto-con\\\/#primaryimage\"},\"image\":{\"@id\":\"https:\\\/\\\/america-auto.parts\\\/es\\\/ponte-en-contacto-con\\\/#primaryimage\"},\"thumbnailUrl\":\"https:\\\/\\\/america-auto.parts\\\/wp-content\\\/uploads\\\/2024\\\/05\\\/girls-USA.webp\",\"datePublished\":\"2021-07-16T07:32:17+00:00\",\"dateModified\":\"2024-09-19T14:34:28+00:00\",\"description\":\"Acude a Transbec America para todas tus necesidades de piezas de recambio. Ll\u00e1manos o visita nuestra p\u00e1gina de contacto para m\u00e1s informaci\u00f3n.\",\"breadcrumb\":{\"@id\":\"https:\\\/\\\/america-auto.parts\\\/es\\\/ponte-en-contacto-con\\\/#breadcrumb\"},\"inLanguage\":\"es\",\"potentialAction\":[{\"@type\":\"ReadAction\",\"target\":[\"https:\\\/\\\/america-auto.parts\\\/es\\\/ponte-en-contacto-con\\\/\"]}]},{\"@type\":\"ImageObject\",\"inLanguage\":\"es\",\"@id\":\"https:\\\/\\\/america-auto.parts\\\/es\\\/ponte-en-contacto-con\\\/#primaryimage\",\"url\":\"https:\\\/\\\/america-auto.parts\\\/wp-content\\\/uploads\\\/2024\\\/05\\\/girls-USA.webp\",\"contentUrl\":\"https:\\\/\\\/america-auto.parts\\\/wp-content\\\/uploads\\\/2024\\\/05\\\/girls-USA.webp\",\"width\":1024,\"height\":682},{\"@type\":\"BreadcrumbList\",\"@id\":\"https:\\\/\\\/america-auto.parts\\\/es\\\/ponte-en-contacto-con\\\/#breadcrumb\",\"itemListElement\":[{\"@type\":\"ListItem\",\"position\":1,\"name\":\"Home\",\"item\":\"https:\\\/\\\/america-auto.parts\\\/es\\\/\"},{\"@type\":\"ListItem\",\"position\":2,\"name\":\"Ponte en contacto con\"}]},{\"@type\":\"WebSite\",\"@id\":\"https:\\\/\\\/america-auto.parts\\\/es\\\/#website\",\"url\":\"https:\\\/\\\/america-auto.parts\\\/es\\\/\",\"name\":\"Transbec USA\",\"description\":\"\",\"publisher\":{\"@id\":\"https:\\\/\\\/america-auto.parts\\\/es\\\/#organization\"},\"potentialAction\":[{\"@type\":\"SearchAction\",\"target\":{\"@type\":\"EntryPoint\",\"urlTemplate\":\"https:\\\/\\\/america-auto.parts\\\/es\\\/?s={search_term_string}\"},\"query-input\":{\"@type\":\"PropertyValueSpecification\",\"valueRequired\":true,\"valueName\":\"search_term_string\"}}],\"inLanguage\":\"es\"},{\"@type\":\"Organization\",\"@id\":\"https:\\\/\\\/america-auto.parts\\\/es\\\/#organization\",\"name\":\"Transbec USA\",\"url\":\"https:\\\/\\\/america-auto.parts\\\/es\\\/\",\"logo\":{\"@type\":\"ImageObject\",\"inLanguage\":\"es\",\"@id\":\"https:\\\/\\\/america-auto.parts\\\/es\\\/#\\\/schema\\\/logo\\\/image\\\/\",\"url\":\"https:\\\/\\\/america-auto.parts\\\/wp-content\\\/uploads\\\/2024\\\/09\\\/transbec-parts-america22.png\",\"contentUrl\":\"https:\\\/\\\/america-auto.parts\\\/wp-content\\\/uploads\\\/2024\\\/09\\\/transbec-parts-america22.png\",\"width\":633,\"height\":470,\"caption\":\"Transbec USA\"},\"image\":{\"@id\":\"https:\\\/\\\/america-auto.parts\\\/es\\\/#\\\/schema\\\/logo\\\/image\\\/\"}}]}<\/script>\n<!-- \/ Yoast SEO plugin. -->","yoast_head_json":{"title":"Ponte en contacto con Transbec America para solicitar informaci\u00f3n sobre piezas de recambio hoy mismo.","description":"Acude a Transbec America para todas tus necesidades de piezas de recambio. Ll\u00e1manos o visita nuestra p\u00e1gina de contacto para m\u00e1s informaci\u00f3n.","robots":{"index":"index","follow":"follow","max-snippet":"max-snippet:-1","max-image-preview":"max-image-preview:large","max-video-preview":"max-video-preview:-1"},"canonical":"https:\/\/america-auto.parts\/es\/ponte-en-contacto-con\/","og_locale":"es_ES","og_type":"article","og_title":"Ponte en contacto con Transbec America para solicitar informaci\u00f3n sobre piezas de recambio hoy mismo.","og_description":"Acude a Transbec America para todas tus necesidades de piezas de recambio. Ll\u00e1manos o visita nuestra p\u00e1gina de contacto para m\u00e1s informaci\u00f3n.","og_url":"https:\/\/america-auto.parts\/es\/ponte-en-contacto-con\/","og_site_name":"Transbec USA","article_modified_time":"2024-09-19T14:34:28+00:00","og_image":[{"width":1024,"height":682,"url":"https:\/\/america-auto.parts\/wp-content\/uploads\/2024\/05\/girls-USA.webp","type":"image\/webp"}],"twitter_card":"summary_large_image","twitter_misc":{"Tiempo de lectura":"1 minuto"},"schema":{"@context":"https:\/\/schema.org","@graph":[{"@type":"WebPage","@id":"https:\/\/america-auto.parts\/es\/ponte-en-contacto-con\/","url":"https:\/\/america-auto.parts\/es\/ponte-en-contacto-con\/","name":"Ponte en contacto con Transbec America para solicitar informaci\u00f3n sobre piezas de recambio hoy mismo.","isPartOf":{"@id":"https:\/\/america-auto.parts\/es\/#website"},"primaryImageOfPage":{"@id":"https:\/\/america-auto.parts\/es\/ponte-en-contacto-con\/#primaryimage"},"image":{"@id":"https:\/\/america-auto.parts\/es\/ponte-en-contacto-con\/#primaryimage"},"thumbnailUrl":"https:\/\/america-auto.parts\/wp-content\/uploads\/2024\/05\/girls-USA.webp","datePublished":"2021-07-16T07:32:17+00:00","dateModified":"2024-09-19T14:34:28+00:00","description":"Acude a Transbec America para todas tus necesidades de piezas de recambio. Ll\u00e1manos o visita nuestra p\u00e1gina de contacto para m\u00e1s informaci\u00f3n.","breadcrumb":{"@id":"https:\/\/america-auto.parts\/es\/ponte-en-contacto-con\/#breadcrumb"},"inLanguage":"es","potentialAction":[{"@type":"ReadAction","target":["https:\/\/america-auto.parts\/es\/ponte-en-contacto-con\/"]}]},{"@type":"ImageObject","inLanguage":"es","@id":"https:\/\/america-auto.parts\/es\/ponte-en-contacto-con\/#primaryimage","url":"https:\/\/america-auto.parts\/wp-content\/uploads\/2024\/05\/girls-USA.webp","contentUrl":"https:\/\/america-auto.parts\/wp-content\/uploads\/2024\/05\/girls-USA.webp","width":1024,"height":682},{"@type":"BreadcrumbList","@id":"https:\/\/america-auto.parts\/es\/ponte-en-contacto-con\/#breadcrumb","itemListElement":[{"@type":"ListItem","position":1,"name":"Home","item":"https:\/\/america-auto.parts\/es\/"},{"@type":"ListItem","position":2,"name":"Ponte en contacto con"}]},{"@type":"WebSite","@id":"https:\/\/america-auto.parts\/es\/#website","url":"https:\/\/america-auto.parts\/es\/","name":"Transbec USA","description":"","publisher":{"@id":"https:\/\/america-auto.parts\/es\/#organization"},"potentialAction":[{"@type":"SearchAction","target":{"@type":"EntryPoint","urlTemplate":"https:\/\/america-auto.parts\/es\/?s={search_term_string}"},"query-input":{"@type":"PropertyValueSpecification","valueRequired":true,"valueName":"search_term_string"}}],"inLanguage":"es"},{"@type":"Organization","@id":"https:\/\/america-auto.parts\/es\/#organization","name":"Transbec USA","url":"https:\/\/america-auto.parts\/es\/","logo":{"@type":"ImageObject","inLanguage":"es","@id":"https:\/\/america-auto.parts\/es\/#\/schema\/logo\/image\/","url":"https:\/\/america-auto.parts\/wp-content\/uploads\/2024\/09\/transbec-parts-america22.png","contentUrl":"https:\/\/america-auto.parts\/wp-content\/uploads\/2024\/09\/transbec-parts-america22.png","width":633,"height":470,"caption":"Transbec USA"},"image":{"@id":"https:\/\/america-auto.parts\/es\/#\/schema\/logo\/image\/"}}]}},"_links":{"self":[{"href":"https:\/\/america-auto.parts\/es\/wp-json\/wp\/v2\/pages\/4918","targetHints":{"allow":["GET"]}}],"collection":[{"href":"https:\/\/america-auto.parts\/es\/wp-json\/wp\/v2\/pages"}],"about":[{"href":"https:\/\/america-auto.parts\/es\/wp-json\/wp\/v2\/types\/page"}],"author":[{"embeddable":true,"href":"https:\/\/america-auto.parts\/es\/wp-json\/wp\/v2\/users\/1"}],"replies":[{"embeddable":true,"href":"https:\/\/america-auto.parts\/es\/wp-json\/wp\/v2\/comments?post=4918"}],"version-history":[{"count":16,"href":"https:\/\/america-auto.parts\/es\/wp-json\/wp\/v2\/pages\/4918\/revisions"}],"predecessor-version":[{"id":7609,"href":"https:\/\/america-auto.parts\/es\/wp-json\/wp\/v2\/pages\/4918\/revisions\/7609"}],"wp:featuredmedia":[{"embeddable":true,"href":"https:\/\/america-auto.parts\/es\/wp-json\/wp\/v2\/media\/4785"}],"wp:attachment":[{"href":"https:\/\/america-auto.parts\/es\/wp-json\/wp\/v2\/media?parent=4918"}],"curies":[{"name":"wp","href":"https:\/\/api.w.org\/{rel}","templated":true}]}}