{"id":4927,"date":"2024-05-27T16:05:14","date_gmt":"2024-05-27T20:05:14","guid":{"rendered":"https:\/\/transbecusa.tripledoublev.ca\/newcaliper\/"},"modified":"2024-08-06T17:00:00","modified_gmt":"2024-08-06T21:00:00","slug":"newcaliper","status":"publish","type":"page","link":"https:\/\/america-auto.parts\/es\/newcaliper\/","title":{"rendered":"NewCaliper"},"content":{"rendered":"\t\t<div data-elementor-type=\"wp-page\" data-elementor-id=\"4927\" class=\"elementor elementor-4927 elementor-3834\" data-elementor-post-type=\"page\">\n\t\t\t\t\t\t<section class=\"elementor-section elementor-top-section elementor-element elementor-element-cad475e elementor-section-full_width elementor-section-height-default elementor-section-height-default\" data-id=\"cad475e\" data-element_type=\"section\" data-e-type=\"section\" data-settings=\"{&quot;background_background&quot;:&quot;classic&quot;}\">\n\t\t\t\t\t\t\t<div class=\"elementor-background-overlay\"><\/div>\n\t\t\t\t\t\t\t<div class=\"elementor-container elementor-column-gap-no\">\n\t\t\t\t\t<div class=\"elementor-column elementor-col-100 elementor-top-column elementor-element elementor-element-73d0480 elementor-invisible\" data-id=\"73d0480\" data-element_type=\"column\" data-e-type=\"column\" data-settings=\"{&quot;animation&quot;:&quot;fadeInLeft&quot;}\">\n\t\t\t<div class=\"elementor-widget-wrap elementor-element-populated\">\n\t\t\t\t\t\t<div class=\"elementor-element elementor-element-0f7c002 elementor-widget__width-initial elementor-widget-tablet__width-initial elementor-widget elementor-widget-image\" data-id=\"0f7c002\" data-element_type=\"widget\" data-e-type=\"widget\" data-widget_type=\"image.default\">\n\t\t\t\t<div class=\"elementor-widget-container\">\n\t\t\t\t\t\t\t\t\t\t\t\t\t\t\t<img decoding=\"async\" width=\"200\" height=\"100\" src=\"https:\/\/america-auto.parts\/wp-content\/uploads\/2024\/05\/ncaliper_logo_1000x500-200x100-1.png\" class=\"attachment-large size-large wp-image-3838\" alt=\"\" \/>\t\t\t\t\t\t\t\t\t\t\t\t\t\t\t<\/div>\n\t\t\t\t<\/div>\n\t\t\t\t\t<\/div>\n\t\t<\/div>\n\t\t\t\t\t<\/div>\n\t\t<\/section>\n\t\t<div class=\"elementor-element elementor-element-010cf94 elementor-hidden-desktop elementor-hidden-tablet elementor-hidden-mobile e-flex e-con-boxed e-con e-parent\" data-id=\"010cf94\" data-element_type=\"container\" data-e-type=\"container\">\n\t\t\t\t\t<div class=\"e-con-inner\">\n\t\t\t\t<div class=\"elementor-element elementor-element-4d42a4d elementor-widget elementor-widget-heading\" data-id=\"4d42a4d\" data-element_type=\"widget\" data-e-type=\"widget\" data-widget_type=\"heading.default\">\n\t\t\t\t<div class=\"elementor-widget-container\">\n\t\t\t\t\t<h1 class=\"elementor-heading-title elementor-size-default\">NewCaliper Proveedor, Transbec America Auto Parts<\/h1>\t\t\t\t<\/div>\n\t\t\t\t<\/div>\n\t\t\t\t\t<\/div>\n\t\t\t\t<\/div>\n\t\t\t\t<section class=\"elementor-section elementor-top-section elementor-element elementor-element-35ec280 elementor-section-boxed elementor-section-height-default elementor-section-height-default\" data-id=\"35ec280\" data-element_type=\"section\" data-e-type=\"section\" data-settings=\"{&quot;background_background&quot;:&quot;classic&quot;}\">\n\t\t\t\t\t\t<div class=\"elementor-container elementor-column-gap-no\">\n\t\t\t\t\t<div class=\"elementor-column elementor-col-50 elementor-top-column elementor-element elementor-element-2049ad2\" data-id=\"2049ad2\" data-element_type=\"column\" data-e-type=\"column\">\n\t\t\t<div class=\"elementor-widget-wrap elementor-element-populated\">\n\t\t\t\t\t\t<div class=\"elementor-element elementor-element-68d64e1 elementor-widget elementor-widget-heading\" data-id=\"68d64e1\" data-element_type=\"widget\" data-e-type=\"widget\" data-widget_type=\"heading.default\">\n\t\t\t\t<div class=\"elementor-widget-container\">\n\t\t\t\t\t<h6 class=\"elementor-heading-title elementor-size-default\">recubierto geom\u00e9trico<\/h6>\t\t\t\t<\/div>\n\t\t\t\t<\/div>\n\t\t\t\t<div class=\"elementor-element elementor-element-7c93d46 elementor-widget elementor-widget-heading\" data-id=\"7c93d46\" data-element_type=\"widget\" data-e-type=\"widget\" data-widget_type=\"heading.default\">\n\t\t\t\t<div class=\"elementor-widget-container\">\n\t\t\t\t\t<h2 class=\"elementor-heading-title elementor-size-default\">NEW CALIPERS<\/h2>\t\t\t\t<\/div>\n\t\t\t\t<\/div>\n\t\t\t\t<div class=\"elementor-element elementor-element-49f1aa0 elementor-widget elementor-widget-text-editor\" data-id=\"49f1aa0\" data-element_type=\"widget\" data-e-type=\"widget\" data-widget_type=\"text-editor.default\">\n\t\t\t\t<div class=\"elementor-widget-container\">\n\t\t\t\t\t\t\t\t\t<p>Disponible para turismos, camiones, todoterrenos y veh\u00edculos el\u00e9ctricos.<\/p>\n\t\t\t\t\t\t\t\t<\/div>\n\t\t\t\t<\/div>\n\t\t\t\t\t<\/div>\n\t\t<\/div>\n\t\t\t\t<div class=\"elementor-column elementor-col-50 elementor-top-column elementor-element elementor-element-48f7cab\" data-id=\"48f7cab\" data-element_type=\"column\" data-e-type=\"column\" data-settings=\"{&quot;background_background&quot;:&quot;classic&quot;}\">\n\t\t\t<div class=\"elementor-widget-wrap elementor-element-populated\">\n\t\t\t\t\t\t<div class=\"elementor-element elementor-element-7cf7a0b elementor-widget-divider--view-line elementor-widget elementor-widget-divider\" data-id=\"7cf7a0b\" data-element_type=\"widget\" data-e-type=\"widget\" data-widget_type=\"divider.default\">\n\t\t\t\t<div class=\"elementor-widget-container\">\n\t\t\t\t\t\t\t<div class=\"elementor-divider\">\n\t\t\t<span class=\"elementor-divider-separator\">\n\t\t\t\t\t\t<\/span>\n\t\t<\/div>\n\t\t\t\t\t\t<\/div>\n\t\t\t\t<\/div>\n\t\t\t\t<div class=\"elementor-element elementor-element-bea96d1 elementor-widget elementor-widget-text-editor\" data-id=\"bea96d1\" data-element_type=\"widget\" data-e-type=\"widget\" data-widget_type=\"text-editor.default\">\n\t\t\t\t<div class=\"elementor-widget-container\">\n\t\t\t\t\t\t\t\t\t<ul>\n<li><strong>Recubrimiento Geomet:<\/strong> El revestimiento GEOMET\u00ae ofrece un alto grado de resistencia a la corrosi\u00f3n cuando se somete a las pruebas de niebla salina y corrosi\u00f3n c\u00edclica.<\/li>\n<li><strong>Materiales 100% nuevos<\/strong>: Nuevos pistones, nuevos pasadores deslizantes, nuevas juntas y nueva boquilla de purga significa una instalaci\u00f3n m\u00e1s f\u00e1cil, m\u00e1s r\u00e1pida y m\u00e1s segura y tambi\u00e9n no m\u00e1s retorno del n\u00facleo.<\/li>\n<li><strong>Est\u00e1ndares de Equipo Original y Rendimiento:<\/strong> Nuestros Nuevos Calipers est\u00e1n construidos para igualar los est\u00e1ndares OE y son sometidos a rigurosas pruebas de control de calidad para asegurar un gran rendimiento durante la vida \u00fatil del veh\u00edculo.<\/li>\n<\/ul>\n\t\t\t\t\t\t\t\t<\/div>\n\t\t\t\t<\/div>\n\t\t\t\t\t<\/div>\n\t\t<\/div>\n\t\t\t\t\t<\/div>\n\t\t<\/section>\n\t\t\t\t<section class=\"elementor-section elementor-top-section elementor-element elementor-element-087e430 elementor-section-boxed elementor-section-height-default elementor-section-height-default\" data-id=\"087e430\" data-element_type=\"section\" data-e-type=\"section\" data-settings=\"{&quot;background_background&quot;:&quot;classic&quot;}\">\n\t\t\t\t\t\t<div class=\"elementor-container elementor-column-gap-no\">\n\t\t\t\t\t<div class=\"elementor-column elementor-col-100 elementor-top-column elementor-element elementor-element-91b378c\" data-id=\"91b378c\" data-element_type=\"column\" data-e-type=\"column\">\n\t\t\t<div class=\"elementor-widget-wrap elementor-element-populated\">\n\t\t\t\t\t\t<div class=\"elementor-element elementor-element-e30aacf elementor-widget elementor-widget-heading\" data-id=\"e30aacf\" data-element_type=\"widget\" data-e-type=\"widget\" data-widget_type=\"heading.default\">\n\t\t\t\t<div class=\"elementor-widget-container\">\n\t\t\t\t\t<h6 class=\"elementor-heading-title elementor-size-default\">New Caliper<\/h6>\t\t\t\t<\/div>\n\t\t\t\t<\/div>\n\t\t\t\t<div class=\"elementor-element elementor-element-eed1293 elementor-widget elementor-widget-heading\" data-id=\"eed1293\" data-element_type=\"widget\" data-e-type=\"widget\" data-widget_type=\"heading.default\">\n\t\t\t\t<div class=\"elementor-widget-container\">\n\t\t\t\t\t<h2 class=\"elementor-heading-title elementor-size-default\">NO REACONDICIONADO<\/h2>\t\t\t\t<\/div>\n\t\t\t\t<\/div>\n\t\t\t\t<div class=\"elementor-element elementor-element-b80fbf6 elementor-widget-divider--view-line elementor-widget elementor-widget-divider\" data-id=\"b80fbf6\" data-element_type=\"widget\" data-e-type=\"widget\" data-widget_type=\"divider.default\">\n\t\t\t\t<div class=\"elementor-widget-container\">\n\t\t\t\t\t\t\t<div class=\"elementor-divider\">\n\t\t\t<span class=\"elementor-divider-separator\">\n\t\t\t\t\t\t<\/span>\n\t\t<\/div>\n\t\t\t\t\t\t<\/div>\n\t\t\t\t<\/div>\n\t\t\t\t<section class=\"elementor-section elementor-inner-section elementor-element elementor-element-e655624 elementor-section-boxed elementor-section-height-default elementor-section-height-default\" data-id=\"e655624\" data-element_type=\"section\" data-e-type=\"section\">\n\t\t\t\t\t\t<div class=\"elementor-container elementor-column-gap-no\">\n\t\t\t\t\t<div class=\"elementor-column elementor-col-100 elementor-inner-column elementor-element elementor-element-4468079\" data-id=\"4468079\" data-element_type=\"column\" data-e-type=\"column\">\n\t\t\t<div class=\"elementor-widget-wrap elementor-element-populated\">\n\t\t\t\t\t\t<div class=\"elementor-element elementor-element-094b0ea elementor-widget elementor-widget-image\" data-id=\"094b0ea\" data-element_type=\"widget\" data-e-type=\"widget\" data-widget_type=\"image.default\">\n\t\t\t\t<div class=\"elementor-widget-container\">\n\t\t\t\t\t\t\t\t\t\t\t\t\t\t\t<img fetchpriority=\"high\" decoding=\"async\" width=\"1024\" height=\"762\" src=\"https:\/\/america-auto.parts\/wp-content\/uploads\/2024\/05\/nc_features_en-1024x762-1.png\" class=\"attachment-large size-large wp-image-3854\" alt=\"\" srcset=\"https:\/\/america-auto.parts\/wp-content\/uploads\/2024\/05\/nc_features_en-1024x762-1.png 1024w, https:\/\/america-auto.parts\/wp-content\/uploads\/2024\/05\/nc_features_en-1024x762-1-300x223.png 300w, https:\/\/america-auto.parts\/wp-content\/uploads\/2024\/05\/nc_features_en-1024x762-1-768x572.png 768w, https:\/\/america-auto.parts\/wp-content\/uploads\/2024\/05\/nc_features_en-1024x762-1-600x446.png 600w\" sizes=\"(max-width: 1024px) 100vw, 1024px\" \/>\t\t\t\t\t\t\t\t\t\t\t\t\t\t\t<\/div>\n\t\t\t\t<\/div>\n\t\t<div class=\"elementor-element elementor-element-17bbcb7 e-flex e-con-boxed e-con e-parent\" data-id=\"17bbcb7\" data-element_type=\"container\" data-e-type=\"container\">\n\t\t\t\t\t<div class=\"e-con-inner\">\n\t\t<div class=\"elementor-element elementor-element-5ab4f74 e-flex e-con-boxed e-con e-child\" data-id=\"5ab4f74\" data-element_type=\"container\" data-e-type=\"container\">\n\t\t\t\t\t<div class=\"e-con-inner\">\n\t\t\t\t<div class=\"elementor-element elementor-element-2e4eada elementor-widget-divider--view-line elementor-widget elementor-widget-divider\" data-id=\"2e4eada\" data-element_type=\"widget\" data-e-type=\"widget\" data-widget_type=\"divider.default\">\n\t\t\t\t<div class=\"elementor-widget-container\">\n\t\t\t\t\t\t\t<div class=\"elementor-divider\">\n\t\t\t<span class=\"elementor-divider-separator\">\n\t\t\t\t\t\t<\/span>\n\t\t<\/div>\n\t\t\t\t\t\t<\/div>\n\t\t\t\t<\/div>\n\t\t\t\t<div class=\"elementor-element elementor-element-a49cce8 elementor-widget elementor-widget-heading\" data-id=\"a49cce8\" data-element_type=\"widget\" data-e-type=\"widget\" data-widget_type=\"heading.default\">\n\t\t\t\t<div class=\"elementor-widget-container\">\n\t\t\t\t\t<h6 class=\"elementor-heading-title elementor-size-default\">New Caliper<\/h6>\t\t\t\t<\/div>\n\t\t\t\t<\/div>\n\t\t\t\t<div class=\"elementor-element elementor-element-5988330 elementor-widget elementor-widget-heading\" data-id=\"5988330\" data-element_type=\"widget\" data-e-type=\"widget\" data-widget_type=\"heading.default\">\n\t\t\t\t<div class=\"elementor-widget-container\">\n\t\t\t\t\t<h4 class=\"elementor-heading-title elementor-size-default\">CALIBRE<\/h4>\t\t\t\t<\/div>\n\t\t\t\t<\/div>\n\t\t\t\t<div class=\"elementor-element elementor-element-4e9f185 elementor-widget-mobile__width-inherit elementor-mobile-align-left elementor-widget elementor-widget-button\" data-id=\"4e9f185\" data-element_type=\"widget\" data-e-type=\"widget\" data-widget_type=\"button.default\">\n\t\t\t\t<div class=\"elementor-widget-container\">\n\t\t\t\t\t\t\t\t\t<div class=\"elementor-button-wrapper\">\n\t\t\t\t\t<a class=\"elementor-button elementor-button-link elementor-size-sm\" href=\"\/es\/tienda\">\n\t\t\t\t\t\t<span class=\"elementor-button-content-wrapper\">\n\t\t\t\t\t\t<span class=\"elementor-button-icon\">\n\t\t\t\t\t\t\t<\/span>\n\t\t\t\t\t\t\t\t\t<span class=\"elementor-button-text\">Tienda<\/span>\n\t\t\t\t\t<\/span>\n\t\t\t\t\t<\/a>\n\t\t\t\t<\/div>\n\t\t\t\t\t\t\t\t<\/div>\n\t\t\t\t<\/div>\n\t\t\t\t\t<\/div>\n\t\t\t\t<\/div>\n\t\t<div class=\"elementor-element elementor-element-9838f51 e-flex e-con-boxed e-con e-child\" data-id=\"9838f51\" data-element_type=\"container\" data-e-type=\"container\">\n\t\t\t\t\t<div class=\"e-con-inner\">\n\t\t\t\t<div class=\"elementor-element elementor-element-14d781d elementor-widget elementor-widget-text-editor\" data-id=\"14d781d\" data-element_type=\"widget\" data-e-type=\"widget\" data-widget_type=\"text-editor.default\">\n\t\t\t\t<div class=\"elementor-widget-container\">\n\t\t\t\t\t\t\t\t\t<p>Nuestra gama de productos est\u00e1 dise\u00f1ada para ofrecer un rendimiento excepcional, una mayor seguridad y una durabilidad inigualable, satisfaciendo las exigentes necesidades de los conductores y profesionales de la industria del autom\u00f3vil.<\/p>\n\t\t\t\t\t\t\t\t<\/div>\n\t\t\t\t<\/div>\n\t\t\t\t\t<\/div>\n\t\t\t\t<\/div>\n\t\t\t\t\t<\/div>\n\t\t\t\t<\/div>\n\t\t\t\t\t<\/div>\n\t\t<\/div>\n\t\t\t\t\t<\/div>\n\t\t<\/section>\n\t\t\t\t\t<\/div>\n\t\t<\/div>\n\t\t\t\t\t<\/div>\n\t\t<\/section>\n\t\t\t\t<\/div>\n\t\t","protected":false},"excerpt":{"rendered":"<p>NewCaliper Proveedor, Transbec America Auto Parts recubierto geom\u00e9trico NEW CALIPERS Disponible para turismos, camiones, todoterrenos y veh\u00edculos el\u00e9ctricos. Recubrimiento Geomet: El revestimiento GEOMET\u00ae ofrece un alto grado de resistencia a la corrosi\u00f3n cuando se somete a las pruebas de niebla salina y corrosi\u00f3n c\u00edclica. Materiales 100% nuevos: Nuevos pistones, nuevos pasadores deslizantes, nuevas juntas y [&hellip;]<\/p>\n","protected":false},"author":1,"featured_media":4834,"parent":0,"menu_order":0,"comment_status":"closed","ping_status":"closed","template":"","meta":{"_acf_changed":false,"site-sidebar-layout":"no-sidebar","site-content-layout":"page-builder","ast-site-content-layout":"full-width-container","site-content-style":"unboxed","site-sidebar-style":"unboxed","ast-global-header-display":"","ast-banner-title-visibility":"","ast-main-header-display":"","ast-hfb-above-header-display":"","ast-hfb-below-header-display":"","ast-hfb-mobile-header-display":"","site-post-title":"disabled","ast-breadcrumbs-content":"disabled","ast-featured-img":"disabled","footer-sml-layout":"","theme-transparent-header-meta":"disabled","adv-header-id-meta":"","stick-header-meta":"","header-above-stick-meta":"","header-main-stick-meta":"","header-below-stick-meta":"","astra-migrate-meta-layouts":"default","ast-page-background-enabled":"default","ast-page-background-meta":{"desktop":{"background-color":"","background-image":"","background-repeat":"repeat","background-position":"center center","background-size":"auto","background-attachment":"scroll","background-type":"","background-media":"","overlay-type":"","overlay-color":"","overlay-opacity":"","overlay-gradient":""},"tablet":{"background-color":"","background-image":"","background-repeat":"repeat","background-position":"center center","background-size":"auto","background-attachment":"scroll","background-type":"","background-media":"","overlay-type":"","overlay-color":"","overlay-opacity":"","overlay-gradient":""},"mobile":{"background-color":"","background-image":"","background-repeat":"repeat","background-position":"center center","background-size":"auto","background-attachment":"scroll","background-type":"","background-media":"","overlay-type":"","overlay-color":"","overlay-opacity":"","overlay-gradient":""}},"ast-content-background-meta":{"desktop":{"background-color":"var(--ast-global-color-5)","background-image":"","background-repeat":"repeat","background-position":"center center","background-size":"auto","background-attachment":"scroll","background-type":"","background-media":"","overlay-type":"","overlay-color":"","overlay-opacity":"","overlay-gradient":""},"tablet":{"background-color":"var(--ast-global-color-5)","background-image":"","background-repeat":"repeat","background-position":"center center","background-size":"auto","background-attachment":"scroll","background-type":"","background-media":"","overlay-type":"","overlay-color":"","overlay-opacity":"","overlay-gradient":""},"mobile":{"background-color":"var(--ast-global-color-5)","background-image":"","background-repeat":"repeat","background-position":"center center","background-size":"auto","background-attachment":"scroll","background-type":"","background-media":"","overlay-type":"","overlay-color":"","overlay-opacity":"","overlay-gradient":""}},"footnotes":""},"class_list":["post-4927","page","type-page","status-publish","has-post-thumbnail","hentry"],"acf":[],"yoast_head":"<!-- This site is optimized with the Yoast SEO plugin v27.4 - https:\/\/yoast.com\/product\/yoast-seo-wordpress\/ -->\n<title>M\u00e1s informaci\u00f3n sobre el proveedor de confianza de nuevos \u00e1labes | Transbec America Parts<\/title>\n<meta name=\"description\" content=\"Descubre Transbec America, tu fuente fiable de productos NewCaliper, que ofrece piezas de la m\u00e1xima calidad y un servicio de atenci\u00f3n al cliente excepcional.\" \/>\n<meta name=\"robots\" content=\"index, follow, max-snippet:-1, max-image-preview:large, max-video-preview:-1\" \/>\n<link rel=\"canonical\" href=\"https:\/\/america-auto.parts\/es\/newcaliper\/\" \/>\n<meta property=\"og:locale\" content=\"es_ES\" \/>\n<meta property=\"og:type\" content=\"article\" \/>\n<meta property=\"og:title\" content=\"M\u00e1s informaci\u00f3n sobre el proveedor de confianza de nuevos \u00e1labes | Transbec America Parts\" \/>\n<meta property=\"og:description\" content=\"Descubre Transbec America, tu fuente fiable de productos NewCaliper, que ofrece piezas de la m\u00e1xima calidad y un servicio de atenci\u00f3n al cliente excepcional.\" \/>\n<meta property=\"og:url\" content=\"https:\/\/america-auto.parts\/es\/newcaliper\/\" \/>\n<meta property=\"og:site_name\" content=\"Transbec USA\" \/>\n<meta property=\"article:modified_time\" content=\"2024-08-06T21:00:00+00:00\" \/>\n<meta property=\"og:image\" content=\"https:\/\/america-auto.parts\/wp-content\/uploads\/2024\/05\/nc_home.png\" \/>\n\t<meta property=\"og:image:width\" content=\"1920\" \/>\n\t<meta property=\"og:image:height\" content=\"1081\" \/>\n\t<meta property=\"og:image:type\" content=\"image\/png\" \/>\n<meta name=\"twitter:card\" content=\"summary_large_image\" \/>\n<meta name=\"twitter:label1\" content=\"Tiempo de lectura\" \/>\n\t<meta name=\"twitter:data1\" content=\"2 minutos\" \/>\n<script type=\"application\/ld+json\" class=\"yoast-schema-graph\">{\"@context\":\"https:\\\/\\\/schema.org\",\"@graph\":[{\"@type\":\"WebPage\",\"@id\":\"https:\\\/\\\/america-auto.parts\\\/es\\\/newcaliper\\\/\",\"url\":\"https:\\\/\\\/america-auto.parts\\\/es\\\/newcaliper\\\/\",\"name\":\"M\u00e1s informaci\u00f3n sobre el proveedor de confianza de nuevos \u00e1labes | Transbec America Parts\",\"isPartOf\":{\"@id\":\"https:\\\/\\\/america-auto.parts\\\/es\\\/#website\"},\"primaryImageOfPage\":{\"@id\":\"https:\\\/\\\/america-auto.parts\\\/es\\\/newcaliper\\\/#primaryimage\"},\"image\":{\"@id\":\"https:\\\/\\\/america-auto.parts\\\/es\\\/newcaliper\\\/#primaryimage\"},\"thumbnailUrl\":\"https:\\\/\\\/america-auto.parts\\\/wp-content\\\/uploads\\\/2024\\\/05\\\/nc_home.png\",\"datePublished\":\"2024-05-27T20:05:14+00:00\",\"dateModified\":\"2024-08-06T21:00:00+00:00\",\"description\":\"Descubre Transbec America, tu fuente fiable de productos NewCaliper, que ofrece piezas de la m\u00e1xima calidad y un servicio de atenci\u00f3n al cliente excepcional.\",\"breadcrumb\":{\"@id\":\"https:\\\/\\\/america-auto.parts\\\/es\\\/newcaliper\\\/#breadcrumb\"},\"inLanguage\":\"es\",\"potentialAction\":[{\"@type\":\"ReadAction\",\"target\":[\"https:\\\/\\\/america-auto.parts\\\/es\\\/newcaliper\\\/\"]}]},{\"@type\":\"ImageObject\",\"inLanguage\":\"es\",\"@id\":\"https:\\\/\\\/america-auto.parts\\\/es\\\/newcaliper\\\/#primaryimage\",\"url\":\"https:\\\/\\\/america-auto.parts\\\/wp-content\\\/uploads\\\/2024\\\/05\\\/nc_home.png\",\"contentUrl\":\"https:\\\/\\\/america-auto.parts\\\/wp-content\\\/uploads\\\/2024\\\/05\\\/nc_home.png\",\"width\":1920,\"height\":1081},{\"@type\":\"BreadcrumbList\",\"@id\":\"https:\\\/\\\/america-auto.parts\\\/es\\\/newcaliper\\\/#breadcrumb\",\"itemListElement\":[{\"@type\":\"ListItem\",\"position\":1,\"name\":\"Home\",\"item\":\"https:\\\/\\\/america-auto.parts\\\/es\\\/\"},{\"@type\":\"ListItem\",\"position\":2,\"name\":\"NewCaliper\"}]},{\"@type\":\"WebSite\",\"@id\":\"https:\\\/\\\/america-auto.parts\\\/es\\\/#website\",\"url\":\"https:\\\/\\\/america-auto.parts\\\/es\\\/\",\"name\":\"Transbec USA\",\"description\":\"\",\"publisher\":{\"@id\":\"https:\\\/\\\/america-auto.parts\\\/es\\\/#organization\"},\"potentialAction\":[{\"@type\":\"SearchAction\",\"target\":{\"@type\":\"EntryPoint\",\"urlTemplate\":\"https:\\\/\\\/america-auto.parts\\\/es\\\/?s={search_term_string}\"},\"query-input\":{\"@type\":\"PropertyValueSpecification\",\"valueRequired\":true,\"valueName\":\"search_term_string\"}}],\"inLanguage\":\"es\"},{\"@type\":\"Organization\",\"@id\":\"https:\\\/\\\/america-auto.parts\\\/es\\\/#organization\",\"name\":\"Transbec USA\",\"url\":\"https:\\\/\\\/america-auto.parts\\\/es\\\/\",\"logo\":{\"@type\":\"ImageObject\",\"inLanguage\":\"es\",\"@id\":\"https:\\\/\\\/america-auto.parts\\\/es\\\/#\\\/schema\\\/logo\\\/image\\\/\",\"url\":\"https:\\\/\\\/america-auto.parts\\\/wp-content\\\/uploads\\\/2024\\\/09\\\/transbec-parts-america22.png\",\"contentUrl\":\"https:\\\/\\\/america-auto.parts\\\/wp-content\\\/uploads\\\/2024\\\/09\\\/transbec-parts-america22.png\",\"width\":633,\"height\":470,\"caption\":\"Transbec USA\"},\"image\":{\"@id\":\"https:\\\/\\\/america-auto.parts\\\/es\\\/#\\\/schema\\\/logo\\\/image\\\/\"}}]}<\/script>\n<!-- \/ Yoast SEO plugin. -->","yoast_head_json":{"title":"M\u00e1s informaci\u00f3n sobre el proveedor de confianza de nuevos \u00e1labes | Transbec America Parts","description":"Descubre Transbec America, tu fuente fiable de productos NewCaliper, que ofrece piezas de la m\u00e1xima calidad y un servicio de atenci\u00f3n al cliente excepcional.","robots":{"index":"index","follow":"follow","max-snippet":"max-snippet:-1","max-image-preview":"max-image-preview:large","max-video-preview":"max-video-preview:-1"},"canonical":"https:\/\/america-auto.parts\/es\/newcaliper\/","og_locale":"es_ES","og_type":"article","og_title":"M\u00e1s informaci\u00f3n sobre el proveedor de confianza de nuevos \u00e1labes | Transbec America Parts","og_description":"Descubre Transbec America, tu fuente fiable de productos NewCaliper, que ofrece piezas de la m\u00e1xima calidad y un servicio de atenci\u00f3n al cliente excepcional.","og_url":"https:\/\/america-auto.parts\/es\/newcaliper\/","og_site_name":"Transbec USA","article_modified_time":"2024-08-06T21:00:00+00:00","og_image":[{"width":1920,"height":1081,"url":"https:\/\/america-auto.parts\/wp-content\/uploads\/2024\/05\/nc_home.png","type":"image\/png"}],"twitter_card":"summary_large_image","twitter_misc":{"Tiempo de lectura":"2 minutos"},"schema":{"@context":"https:\/\/schema.org","@graph":[{"@type":"WebPage","@id":"https:\/\/america-auto.parts\/es\/newcaliper\/","url":"https:\/\/america-auto.parts\/es\/newcaliper\/","name":"M\u00e1s informaci\u00f3n sobre el proveedor de confianza de nuevos \u00e1labes | Transbec America Parts","isPartOf":{"@id":"https:\/\/america-auto.parts\/es\/#website"},"primaryImageOfPage":{"@id":"https:\/\/america-auto.parts\/es\/newcaliper\/#primaryimage"},"image":{"@id":"https:\/\/america-auto.parts\/es\/newcaliper\/#primaryimage"},"thumbnailUrl":"https:\/\/america-auto.parts\/wp-content\/uploads\/2024\/05\/nc_home.png","datePublished":"2024-05-27T20:05:14+00:00","dateModified":"2024-08-06T21:00:00+00:00","description":"Descubre Transbec America, tu fuente fiable de productos NewCaliper, que ofrece piezas de la m\u00e1xima calidad y un servicio de atenci\u00f3n al cliente excepcional.","breadcrumb":{"@id":"https:\/\/america-auto.parts\/es\/newcaliper\/#breadcrumb"},"inLanguage":"es","potentialAction":[{"@type":"ReadAction","target":["https:\/\/america-auto.parts\/es\/newcaliper\/"]}]},{"@type":"ImageObject","inLanguage":"es","@id":"https:\/\/america-auto.parts\/es\/newcaliper\/#primaryimage","url":"https:\/\/america-auto.parts\/wp-content\/uploads\/2024\/05\/nc_home.png","contentUrl":"https:\/\/america-auto.parts\/wp-content\/uploads\/2024\/05\/nc_home.png","width":1920,"height":1081},{"@type":"BreadcrumbList","@id":"https:\/\/america-auto.parts\/es\/newcaliper\/#breadcrumb","itemListElement":[{"@type":"ListItem","position":1,"name":"Home","item":"https:\/\/america-auto.parts\/es\/"},{"@type":"ListItem","position":2,"name":"NewCaliper"}]},{"@type":"WebSite","@id":"https:\/\/america-auto.parts\/es\/#website","url":"https:\/\/america-auto.parts\/es\/","name":"Transbec USA","description":"","publisher":{"@id":"https:\/\/america-auto.parts\/es\/#organization"},"potentialAction":[{"@type":"SearchAction","target":{"@type":"EntryPoint","urlTemplate":"https:\/\/america-auto.parts\/es\/?s={search_term_string}"},"query-input":{"@type":"PropertyValueSpecification","valueRequired":true,"valueName":"search_term_string"}}],"inLanguage":"es"},{"@type":"Organization","@id":"https:\/\/america-auto.parts\/es\/#organization","name":"Transbec USA","url":"https:\/\/america-auto.parts\/es\/","logo":{"@type":"ImageObject","inLanguage":"es","@id":"https:\/\/america-auto.parts\/es\/#\/schema\/logo\/image\/","url":"https:\/\/america-auto.parts\/wp-content\/uploads\/2024\/09\/transbec-parts-america22.png","contentUrl":"https:\/\/america-auto.parts\/wp-content\/uploads\/2024\/09\/transbec-parts-america22.png","width":633,"height":470,"caption":"Transbec USA"},"image":{"@id":"https:\/\/america-auto.parts\/es\/#\/schema\/logo\/image\/"}}]}},"_links":{"self":[{"href":"https:\/\/america-auto.parts\/es\/wp-json\/wp\/v2\/pages\/4927","targetHints":{"allow":["GET"]}}],"collection":[{"href":"https:\/\/america-auto.parts\/es\/wp-json\/wp\/v2\/pages"}],"about":[{"href":"https:\/\/america-auto.parts\/es\/wp-json\/wp\/v2\/types\/page"}],"author":[{"embeddable":true,"href":"https:\/\/america-auto.parts\/es\/wp-json\/wp\/v2\/users\/1"}],"replies":[{"embeddable":true,"href":"https:\/\/america-auto.parts\/es\/wp-json\/wp\/v2\/comments?post=4927"}],"version-history":[{"count":4,"href":"https:\/\/america-auto.parts\/es\/wp-json\/wp\/v2\/pages\/4927\/revisions"}],"predecessor-version":[{"id":5012,"href":"https:\/\/america-auto.parts\/es\/wp-json\/wp\/v2\/pages\/4927\/revisions\/5012"}],"wp:featuredmedia":[{"embeddable":true,"href":"https:\/\/america-auto.parts\/es\/wp-json\/wp\/v2\/media\/4834"}],"wp:attachment":[{"href":"https:\/\/america-auto.parts\/es\/wp-json\/wp\/v2\/media?parent=4927"}],"curies":[{"name":"wp","href":"https:\/\/api.w.org\/{rel}","templated":true}]}}